{"id":104414,"date":"2023-10-13T11:36:50","date_gmt":"2023-10-13T15:36:50","guid":{"rendered":"https:\/\/wp201352.wpdns.ca\/?page_id=104414"},"modified":"2025-02-12T08:49:44","modified_gmt":"2025-02-12T13:49:44","slug":"newsletter","status":"publish","type":"page","link":"https:\/\/parkinsonquebec.ca\/en\/newsletter\/","title":{"rendered":"Newsletter"},"content":{"rendered":"\n<div class=\"wp-block-cover alignfull is-light entete-photo entete-photo__thin\"><span aria-hidden=\"true\" class=\"wp-block-cover__background has-pq-bleu-background-color has-background-dim-0 has-background-dim\"><\/span><img loading=\"lazy\" decoding=\"async\" width=\"2087\" height=\"600\" class=\"wp-block-cover__image-background wp-image-590\" alt=\"\" src=\"https:\/\/parkinsonquebec.ca\/wp-content\/uploads\/2023\/06\/fond-bleu.png\" data-object-fit=\"cover\" srcset=\"https:\/\/parkinsonquebec.ca\/wp-content\/uploads\/2023\/06\/fond-bleu.png 2087w, https:\/\/parkinsonquebec.ca\/wp-content\/uploads\/2023\/06\/fond-bleu-1280x368.png 1280w, https:\/\/parkinsonquebec.ca\/wp-content\/uploads\/2023\/06\/fond-bleu-768x221.png 768w, https:\/\/parkinsonquebec.ca\/wp-content\/uploads\/2023\/06\/fond-bleu-1536x442.png 1536w, https:\/\/parkinsonquebec.ca\/wp-content\/uploads\/2023\/06\/fond-bleu-2048x589.png 2048w\" sizes=\"auto, (max-width: 2087px) 100vw, 2087px\" \/><div class=\"wp-block-cover__inner-container is-layout-flow wp-block-cover-is-layout-flow\">\n<div class=\"wp-block-group entete-photo__contenu is-layout-flow wp-block-group-is-layout-flow\">\n<h1 class=\"wp-block-heading\">Newsletter<\/h1>\n<\/div>\n\n\n\n<div class=\"wp-block-group entete-photo__graphic is-layout-flow wp-block-group-is-layout-flow\">\n<div class=\"wp-block-group logo-personnage-header is-layout-constrained wp-block-group-is-layout-constrained\"><\/div>\n<\/div>\n<\/div><\/div>\n\n\n\n<div id=\"introduction-section\" class=\"wp-block-group conteneur-moins-large is-layout-flow wp-block-group-is-layout-flow\">\n<div class=\"wp-block-group d-flex justify-content-center align-items-center mb-50px is-layout-flow wp-block-group-is-layout-flow\">\n<h2 class=\"wp-block-heading d-inline-block m-0\">Subscribe to our newsletter<\/h2>\n\n\n\n<figure class=\"wp-block-image size-large is-resized d-inline-block m-0 pl-20px\"><img decoding=\"async\" src=\"https:\/\/parkinsonquebec.ca\/wp-content\/uploads\/\/logo-personnage-bleu.svg\" alt=\"\" class=\"wp-image-102161\" style=\"width:30px\"\/><\/figure>\n<\/div>\n\n\n\n<p class=\"has-text-align-center\">Recevez des nouvelles et des conseils pour mieux vivre avec votre maladie, des entretiens avec nos meilleurs expert et des histoires inspirantes livr\u00e9es mensuellement dans votre bo\u00eete de r\u00e9ception.<\/p>\n<\/div>\n\n\n\n<div style=\"height:20px\" aria-hidden=\"true\" class=\"wp-block-spacer\"><\/div>\n\n\n\n<div class=\"wp-block-group row mx-0 is-layout-constrained wp-block-group-is-layout-constrained\">\n<div class=\"wp-block-group col-xl-7 col-lg-8 col-md-10 has-pq-bleu-fond-tres-pale-background-color has-background is-layout-constrained wp-container-core-group-is-layout-afb388fb wp-block-group-is-layout-constrained\" style=\"padding-top:var(--wp--preset--spacing--60);padding-right:var(--wp--preset--spacing--60);padding-bottom:var(--wp--preset--spacing--60);padding-left:var(--wp--preset--spacing--60)\">\n<form action=\"https:\/\/app.cyberimpact.com\/optin\" method=\"post\" accept-charset=\"utf-8\">\n    <fieldset class=\"text-left\">\n        <legend><\/legend>\n            <div class=\"mb-20px align-items-center\">\n                <label for=\"ci_firstname\" class=\"mb-5px\">First Name&nbsp;:<\/label>\n                <input type=\"text\" id=\"ci_firstname\" name=\"ci_firstname\" maxlength=\"255\" class=\"form-control\" \/>\n            <\/div>\n\n            <div class=\"mb-20px align-items-center\">\n                <label for=\"ci_lastname\" class=\"mb-5px\">Last Name&nbsp;:<\/label>\n                <input type=\"text\" id=\"ci_lastname\" name=\"ci_lastname\" maxlength=\"255\" class=\"form-control\" \/>\n            <\/div>\n                                               \n            <div class=\"mb-20px align-items-center\">\n                <label for=\"ci_custom_field__1\" class=\"mb-5px\">Relationship with Parkinson&#8217;s disease : <\/label>\n                <input type=\"text\" id=\"ci_custom_field__1\" name=\"ci_custom_field__1\" maxlength=\"1000\" class=\"form-control\" \/>\n            <\/div>\n           \n            <div class=\"mb-30px align-items-center\">\n                <label for=\"ci_email\" class=\"mb-5px\">Email&nbsp;:<\/label>\n                <input type=\"text\" id=\"ci_email\" name=\"ci_email\" maxlength=\"255\" class=\"form-control\" \/>\n            <\/div>\n\n            <div style=\"display:block; visibility:hidden; height:1px;\">\n                <input type=\"hidden\" id=\"ci_groups\" name=\"ci_groups\" value=\"2\"\/>\n                <input type=\"hidden\" id=\"ci_account\" name=\"ci_account\" value=\"c84961e8-fa3f-4178-7d50-72096ee8f131\"\/>\n                <input type=\"hidden\" id=\"ci_language\" name=\"ci_language\" value=\"en_ca\"\/>\n                <input type=\"hidden\" id=\"ci_sent_url\" name=\"ci_sent_url\" value=\"\"\/>\n                <input type=\"hidden\" id=\"ci_error_url\" name=\"ci_error_url\" value=\"\" \/>\n                <input type=\"hidden\" id=\"ci_confirm_url\" name=\"ci_confirm_url\" value=\"\" \/>\n            <\/div>\n            <input type=\"submit\" value=\"Subscribe\" class=\"btn btn-primary\" \/>\n    <\/fieldset>\n<\/form>\n<\/div>\n<\/div>\n\n\n\n<div style=\"height:60px\" aria-hidden=\"true\" class=\"wp-block-spacer\"><\/div>\n\n\n\n<hr class=\"wp-block-separator has-alpha-channel-opacity\"\/>\n\n\n\n<p class=\"has-small-font-size\">En vous inscrivant \u00e0 l\u2019infolettre de Parkinson Qu\u00e9bec, vous consentez \u00e0 recevoir nos publications, lettres d\u2019information et invitations \u00e0 des conf\u00e9rences ou autres activit\u00e9s organis\u00e9es par Parkinson Qu\u00e9bec par courriel. En vertu de la Loi canadienne anti-pourriel, toutes les communications sont munies d\u2019un m\u00e9canisme de d\u00e9sabonnement. Pour ce faire, il suffit de suivre les directives de d\u00e9sabonnement fournies au bas de chaque message que nous envoyons.<\/p>\n","protected":false},"excerpt":{"rendered":"<p>Subscribe to our newsletter Recevez des nouvelles et des conseils pour mieux vivre avec votre maladie, des entretiens avec nos meilleurs expert et des histoires inspirantes livr\u00e9es mensuellement dans votre bo\u00eete de r\u00e9ception. First Name&nbsp;: Last Name&nbsp;: Relationship with Parkinson&#8217;s&#8230; <a href=\"https:\/\/parkinsonquebec.ca\/en\/newsletter\/\">Lire la suite<\/a> <a class=\"understrap-read-more-link btn btn-bleu py-5px px-15px ml-10px mt-0 d-none\" href=\"https:\/\/parkinsonquebec.ca\/en\/newsletter\/\">Lire la suite<span class=\"screen-reader-text\"> from Newsletter<\/span><\/a><\/p>\n","protected":false},"author":3454,"featured_media":0,"parent":0,"menu_order":4,"comment_status":"closed","ping_status":"closed","template":"","meta":{"footnotes":""},"class_list":["post-104414","page","type-page","status-publish","hentry"],"yoast_head":"<!-- This site is optimized with the Yoast SEO plugin v26.7 - https:\/\/yoast.com\/wordpress\/plugins\/seo\/ -->\n<title>Newsletter - Parkinson Qu\u00e9bec<\/title>\n<meta name=\"robots\" content=\"index, follow, max-snippet:-1, max-image-preview:large, max-video-preview:-1\" \/>\n<link rel=\"canonical\" href=\"https:\/\/parkinsonquebec.ca\/en\/newsletter\/\" \/>\n<meta property=\"og:locale\" content=\"en_US\" \/>\n<meta property=\"og:type\" content=\"article\" \/>\n<meta property=\"og:title\" content=\"Newsletter - Parkinson Qu\u00e9bec\" \/>\n<meta property=\"og:description\" content=\"Subscribe to our newsletter Recevez des nouvelles et des conseils pour mieux vivre avec votre maladie, des entretiens avec nos meilleurs expert et des histoires inspirantes livr\u00e9es mensuellement dans votre bo\u00eete de r\u00e9ception. First Name&nbsp;: Last Name&nbsp;: Relationship with Parkinson&#8217;s... Lire la suite Lire la suite from Newsletter\" \/>\n<meta property=\"og:url\" content=\"https:\/\/parkinsonquebec.ca\/en\/newsletter\/\" \/>\n<meta property=\"og:site_name\" content=\"Parkinson Qu\u00e9bec\" \/>\n<meta property=\"article:modified_time\" content=\"2025-02-12T13:49:44+00:00\" \/>\n<meta property=\"og:image\" content=\"https:\/\/parkinsonquebec.ca\/wp-content\/uploads\/2023\/06\/fond-bleu.png\" \/>\n<meta name=\"twitter:label1\" content=\"Est. reading time\" \/>\n\t<meta name=\"twitter:data1\" content=\"1 minute\" \/>\n<script type=\"application\/ld+json\" class=\"yoast-schema-graph\">{\"@context\":\"https:\/\/schema.org\",\"@graph\":[{\"@type\":\"WebPage\",\"@id\":\"https:\/\/parkinsonquebec.ca\/en\/newsletter\/\",\"url\":\"https:\/\/parkinsonquebec.ca\/en\/newsletter\/\",\"name\":\"Newsletter - Parkinson Qu\u00e9bec\",\"isPartOf\":{\"@id\":\"https:\/\/parkinsonquebec.ca\/en\/#website\"},\"primaryImageOfPage\":{\"@id\":\"https:\/\/parkinsonquebec.ca\/en\/newsletter\/#primaryimage\"},\"image\":{\"@id\":\"https:\/\/parkinsonquebec.ca\/en\/newsletter\/#primaryimage\"},\"thumbnailUrl\":\"https:\/\/parkinsonquebec.ca\/wp-content\/uploads\/2023\/06\/fond-bleu.png\",\"datePublished\":\"2023-10-13T15:36:50+00:00\",\"dateModified\":\"2025-02-12T13:49:44+00:00\",\"breadcrumb\":{\"@id\":\"https:\/\/parkinsonquebec.ca\/en\/newsletter\/#breadcrumb\"},\"inLanguage\":\"en-CA\",\"potentialAction\":[{\"@type\":\"ReadAction\",\"target\":[\"https:\/\/parkinsonquebec.ca\/en\/newsletter\/\"]}]},{\"@type\":\"ImageObject\",\"inLanguage\":\"en-CA\",\"@id\":\"https:\/\/parkinsonquebec.ca\/en\/newsletter\/#primaryimage\",\"url\":\"https:\/\/parkinsonquebec.ca\/wp-content\/uploads\/2023\/06\/fond-bleu.png\",\"contentUrl\":\"https:\/\/parkinsonquebec.ca\/wp-content\/uploads\/2023\/06\/fond-bleu.png\"},{\"@type\":\"BreadcrumbList\",\"@id\":\"https:\/\/parkinsonquebec.ca\/en\/newsletter\/#breadcrumb\",\"itemListElement\":[{\"@type\":\"ListItem\",\"position\":1,\"name\":\"Accueil\",\"item\":\"https:\/\/parkinsonquebec.ca\/en\/\"},{\"@type\":\"ListItem\",\"position\":2,\"name\":\"Newsletter\"}]},{\"@type\":\"WebSite\",\"@id\":\"https:\/\/parkinsonquebec.ca\/en\/#website\",\"url\":\"https:\/\/parkinsonquebec.ca\/en\/\",\"name\":\"Parkinson Qu\u00e9bec\",\"description\":\"\",\"potentialAction\":[{\"@type\":\"SearchAction\",\"target\":{\"@type\":\"EntryPoint\",\"urlTemplate\":\"https:\/\/parkinsonquebec.ca\/en\/?s={search_term_string}\"},\"query-input\":{\"@type\":\"PropertyValueSpecification\",\"valueRequired\":true,\"valueName\":\"search_term_string\"}}],\"inLanguage\":\"en-CA\"}]}<\/script>\n<!-- \/ Yoast SEO plugin. -->","yoast_head_json":{"title":"Newsletter - Parkinson Qu\u00e9bec","robots":{"index":"index","follow":"follow","max-snippet":"max-snippet:-1","max-image-preview":"max-image-preview:large","max-video-preview":"max-video-preview:-1"},"canonical":"https:\/\/parkinsonquebec.ca\/en\/newsletter\/","og_locale":"en_US","og_type":"article","og_title":"Newsletter - Parkinson Qu\u00e9bec","og_description":"Subscribe to our newsletter Recevez des nouvelles et des conseils pour mieux vivre avec votre maladie, des entretiens avec nos meilleurs expert et des histoires inspirantes livr\u00e9es mensuellement dans votre bo\u00eete de r\u00e9ception. First Name&nbsp;: Last Name&nbsp;: Relationship with Parkinson&#8217;s... Lire la suite Lire la suite from Newsletter","og_url":"https:\/\/parkinsonquebec.ca\/en\/newsletter\/","og_site_name":"Parkinson Qu\u00e9bec","article_modified_time":"2025-02-12T13:49:44+00:00","og_image":[{"url":"https:\/\/parkinsonquebec.ca\/wp-content\/uploads\/2023\/06\/fond-bleu.png","type":"","width":"","height":""}],"twitter_misc":{"Est. reading time":"1 minute"},"schema":{"@context":"https:\/\/schema.org","@graph":[{"@type":"WebPage","@id":"https:\/\/parkinsonquebec.ca\/en\/newsletter\/","url":"https:\/\/parkinsonquebec.ca\/en\/newsletter\/","name":"Newsletter - Parkinson Qu\u00e9bec","isPartOf":{"@id":"https:\/\/parkinsonquebec.ca\/en\/#website"},"primaryImageOfPage":{"@id":"https:\/\/parkinsonquebec.ca\/en\/newsletter\/#primaryimage"},"image":{"@id":"https:\/\/parkinsonquebec.ca\/en\/newsletter\/#primaryimage"},"thumbnailUrl":"https:\/\/parkinsonquebec.ca\/wp-content\/uploads\/2023\/06\/fond-bleu.png","datePublished":"2023-10-13T15:36:50+00:00","dateModified":"2025-02-12T13:49:44+00:00","breadcrumb":{"@id":"https:\/\/parkinsonquebec.ca\/en\/newsletter\/#breadcrumb"},"inLanguage":"en-CA","potentialAction":[{"@type":"ReadAction","target":["https:\/\/parkinsonquebec.ca\/en\/newsletter\/"]}]},{"@type":"ImageObject","inLanguage":"en-CA","@id":"https:\/\/parkinsonquebec.ca\/en\/newsletter\/#primaryimage","url":"https:\/\/parkinsonquebec.ca\/wp-content\/uploads\/2023\/06\/fond-bleu.png","contentUrl":"https:\/\/parkinsonquebec.ca\/wp-content\/uploads\/2023\/06\/fond-bleu.png"},{"@type":"BreadcrumbList","@id":"https:\/\/parkinsonquebec.ca\/en\/newsletter\/#breadcrumb","itemListElement":[{"@type":"ListItem","position":1,"name":"Accueil","item":"https:\/\/parkinsonquebec.ca\/en\/"},{"@type":"ListItem","position":2,"name":"Newsletter"}]},{"@type":"WebSite","@id":"https:\/\/parkinsonquebec.ca\/en\/#website","url":"https:\/\/parkinsonquebec.ca\/en\/","name":"Parkinson Qu\u00e9bec","description":"","potentialAction":[{"@type":"SearchAction","target":{"@type":"EntryPoint","urlTemplate":"https:\/\/parkinsonquebec.ca\/en\/?s={search_term_string}"},"query-input":{"@type":"PropertyValueSpecification","valueRequired":true,"valueName":"search_term_string"}}],"inLanguage":"en-CA"}]}},"_links":{"self":[{"href":"https:\/\/parkinsonquebec.ca\/en\/wp-json\/wp\/v2\/pages\/104414","targetHints":{"allow":["GET"]}}],"collection":[{"href":"https:\/\/parkinsonquebec.ca\/en\/wp-json\/wp\/v2\/pages"}],"about":[{"href":"https:\/\/parkinsonquebec.ca\/en\/wp-json\/wp\/v2\/types\/page"}],"author":[{"embeddable":true,"href":"https:\/\/parkinsonquebec.ca\/en\/wp-json\/wp\/v2\/users\/3454"}],"replies":[{"embeddable":true,"href":"https:\/\/parkinsonquebec.ca\/en\/wp-json\/wp\/v2\/comments?post=104414"}],"version-history":[{"count":3,"href":"https:\/\/parkinsonquebec.ca\/en\/wp-json\/wp\/v2\/pages\/104414\/revisions"}],"predecessor-version":[{"id":105812,"href":"https:\/\/parkinsonquebec.ca\/en\/wp-json\/wp\/v2\/pages\/104414\/revisions\/105812"}],"wp:attachment":[{"href":"https:\/\/parkinsonquebec.ca\/en\/wp-json\/wp\/v2\/media?parent=104414"}],"curies":[{"name":"wp","href":"https:\/\/api.w.org\/{rel}","templated":true}]}}