{"id":104691,"date":"2023-06-22T10:38:16","date_gmt":"2023-06-22T14:38:16","guid":{"rendered":"https:\/\/parkinsonquebec.ca\/?page_id=104691"},"modified":"2024-05-22T10:46:50","modified_gmt":"2024-05-22T14:46:50","slug":"contact","status":"publish","type":"page","link":"https:\/\/parkinsonquebec.ca\/en\/contact\/","title":{"rendered":"Contact"},"content":{"rendered":"\n<div class=\"wp-block-cover alignfull entete-photo\"><span aria-hidden=\"true\" class=\"wp-block-cover__background has-background-dim-0 has-background-dim\" style=\"background-color:#000000\"><\/span><div class=\"wp-block-cover__inner-container is-layout-flow wp-block-cover-is-layout-flow\">\n<div class=\"wp-block-group entete-photo__contenu is-layout-flow wp-block-group-is-layout-flow\">\n<h1 class=\"wp-block-heading has-large-font-size\">To contact us<\/h1>\n<\/div>\n\n\n\n<div class=\"wp-block-group entete-photo__graphic is-layout-flow wp-block-group-is-layout-flow\">\n<div class=\"wp-block-group logo-personnage-header is-layout-flow wp-block-group-is-layout-flow\"><\/div>\n<\/div>\n<\/div><\/div>\n\n\n\n<div class=\"wp-block-columns alignwide justify-content-between is-layout-flex wp-container-core-columns-is-layout-9d6595d7 wp-block-columns-is-layout-flex\">\n<div class=\"wp-block-column col-lg-6 mb-70px is-layout-flow wp-block-column-is-layout-flow\">\n<h2 class=\"wp-block-heading has-text-align-left texte-minuscule\" style=\"margin-top:0;margin-bottom:var(--wp--preset--spacing--50)\">Let\u2019s talk together<\/h2>\n\n\n\n<p class=\"has-pq-bleu-color has-text-color has-medium-font-size\" style=\"margin-bottom:var(--wp--preset--spacing--60)\">At Parkinson Quebec, we believe that people living with Parkinson\u2019s should not have to face the disease alone.<\/p>\n\n\n\n<p class=\"has-pq-bleu-color has-text-color\" style=\"margin-bottom:var(--wp--preset--spacing--20)\"><strong>Parkinson Quebec<\/strong><\/p>\n\n\n\n<p class=\"lien-invisible\" style=\"margin-bottom:var(--wp--preset--spacing--60)\"><a href=\"https:\/\/goo.gl\/maps\/QpXX3nL7EwcTMiuY7\" target=\"_blank\" rel=\"noreferrer noopener\">560 rue Ontario Est<br>Montreal (Quebec) H2L 0B6<\/a><\/p>\n\n\n\n<p style=\"margin-bottom:15px\"><strong>Phone<\/strong><\/p>\n\n\n\n<div class=\"wp-block-columns is-layout-flex wp-container-core-columns-is-layout-9d6595d7 wp-block-columns-is-layout-flex\">\n<div class=\"wp-block-column col-lg-4 mb-15px is-layout-flow wp-block-column-is-layout-flow\">\n<p class=\"has-text-align-left\">Montreal area\u00a0:<\/p>\n<\/div>\n\n\n\n<div class=\"wp-block-column col-lg-8 mb-15px is-layout-flow wp-block-column-is-layout-flow\">\n<p><strong><a href=\"tel:5148614422\">(514) 861-4422<\/a><\/strong><\/p>\n<\/div>\n<\/div>\n\n\n\n<div class=\"wp-block-columns is-layout-flex wp-container-core-columns-is-layout-9d6595d7 wp-block-columns-is-layout-flex\">\n<div class=\"wp-block-column col-lg-4 mb-15px is-layout-flow wp-block-column-is-layout-flow\">\n<p class=\"has-text-align-left\">Free\u00a0:<\/p>\n<\/div>\n\n\n\n<div class=\"wp-block-column col-lg-8 mb-15px is-layout-flow wp-block-column-is-layout-flow\">\n<p><strong><a href=\"tel:18007201307\">1 800 720-1307 ext. 271<\/a><\/strong><\/p>\n<\/div>\n<\/div>\n\n\n\n<hr class=\"wp-block-separator has-alpha-channel-opacity\" style=\"margin-top:var(--wp--preset--spacing--60);margin-bottom:var(--wp--preset--spacing--60)\"\/>\n\n\n\n<div class=\"wp-block-group is-layout-constrained wp-container-core-group-is-layout-82686151 wp-block-group-is-layout-constrained\" style=\"padding-top:0;padding-right:0;padding-bottom:0;padding-left:0\">\n<p style=\"margin-bottom:15px\"><strong>Business hours<\/strong><\/p>\n\n\n\n<p style=\"margin-bottom:15px\">Monday to Friday : 8:30am \u2013 4:30pm<\/p>\n\n\n\n<p>Saturday and Sunday: closed<\/p>\n<\/div>\n<\/div>\n\n\n\n<div class=\"wp-block-column col-lg-5 is-layout-flow wp-block-column-is-layout-flow\">\n<div class=\"wp-block-group has-pq-bleu-background-color has-background is-layout-flow wp-block-group-is-layout-flow\" style=\"padding-top:var(--wp--preset--spacing--60);padding-right:var(--wp--preset--spacing--60);padding-bottom:var(--wp--preset--spacing--60);padding-left:var(--wp--preset--spacing--60)\">\n<p class=\"has-text-align-center has-medium-font-size\"><strong>Contact us by email<\/strong><\/p>\n\n\n\n<div class=\"forminator-guttenberg\"><div class=\"forminator-ui forminator-custom-form forminator-custom-form-104690 forminator-design--flat  forminator_ajax\" data-forminator-render=\"0\" data-form=\"forminator-module-104690\" data-uid=\"69e365a97d300\"><br\/><\/div><form\n\t\t\t\tid=\"forminator-module-104690\"\n\t\t\t\tclass=\"forminator-ui forminator-custom-form forminator-custom-form-104690 forminator-design--flat  forminator_ajax\"\n\t\t\t\tmethod=\"post\"\n\t\t\t\tdata-forminator-render=\"0\"\n\t\t\t\tdata-form-id=\"104690\"\n\t\t\t\t data-color-option=\"default\" data-design=\"flat\" data-grid=\"open\" style=\"display: none;\"\n\t\t\t\tdata-uid=\"69e365a97d300\"\n\t\t\t><div role=\"alert\" aria-live=\"polite\" class=\"forminator-response-message forminator-error\" aria-hidden=\"true\"><\/div><div class=\"forminator-row\"><div id=\"name-1\" class=\"forminator-field-name forminator-col forminator-col-12 \"><div class=\"forminator-field\"><label for=\"forminator-field-name-1_69e365a97d300\" id=\"forminator-field-name-1_69e365a97d300-label\" class=\"forminator-label\">Name <span class=\"forminator-required\">*<\/span><\/label><input type=\"text\" name=\"name-1\" value=\"\" placeholder=\"\" id=\"forminator-field-name-1_69e365a97d300\" class=\"forminator-input forminator-name--field\" aria-required=\"true\" autocomplete=\"name\" \/><\/div><\/div><\/div><div class=\"forminator-row\"><div id=\"select-1\" class=\"forminator-field-select forminator-col forminator-col-12 \"><div class=\"forminator-field\"><label for=\"forminator-form-104690__field--select-1_69e365a97d300\" id=\"forminator-form-104690__field--select-1_69e365a97d300-label\" class=\"forminator-label\">What is your experience with Parkinson&#039;s disease? <span class=\"forminator-required\">*<\/span><\/label><select  id=\"forminator-form-104690__field--select-1_69e365a97d300\" class=\"forminator-select--field forminator-select2 forminator-select2-multiple\" data-required=\"1\" name=\"select-1\" data-default-value=\"Choose\" data-hidden-behavior=\"zero\" data-placeholder=\"Please select an option\" data-search=\"false\" data-search-placeholder=\"Please select an option\" data-checkbox=\"false\" data-allow-clear=\"false\" aria-labelledby=\"forminator-form-104690__field--select-1_69e365a97d300-label\"><option value=\"\"  >Please select an option<\/option><option value=\"Choose\" selected=\"selected\" data-calculation=\"0\">Choose<\/option><option value=\"I live with the disease\"  data-calculation=\"0\">I live with the disease<\/option><option value=\"My partner lives with Parkinson&#039;s disease\"  data-calculation=\"0\">My partner lives with Parkinson's disease<\/option><option value=\"A member of my family lives with Parkinson&#039;s disease\"  data-calculation=\"0\">A member of my family lives with Parkinson's disease<\/option><option value=\"A friend of mine lives with Parkinson&#039;s disease\"  data-calculation=\"0\">A friend of mine lives with Parkinson's disease<\/option><\/select><\/div><\/div><\/div><div class=\"forminator-row\"><div id=\"email-1\" class=\"forminator-field-email forminator-col forminator-col-12 \"><div class=\"forminator-field\"><label for=\"forminator-field-email-1_69e365a97d300\" id=\"forminator-field-email-1_69e365a97d300-label\" class=\"forminator-label\">Email <span class=\"forminator-required\">*<\/span><\/label><input type=\"email\" name=\"email-1\" value=\"\" placeholder=\"\" id=\"forminator-field-email-1_69e365a97d300\" class=\"forminator-input forminator-email--field\" data-required=\"true\" aria-required=\"true\" autocomplete=\"email\" \/><\/div><\/div><\/div><div class=\"forminator-row\"><div id=\"phone-1\" class=\"forminator-field-phone forminator-col forminator-col-12 \"><div class=\"forminator-field\"><label for=\"forminator-field-phone-1_69e365a97d300\" id=\"forminator-field-phone-1_69e365a97d300-label\" class=\"forminator-label\">Phone<\/label><input type=\"text\" name=\"phone-1\" value=\"\" placeholder=\"\" id=\"forminator-field-phone-1_69e365a97d300\" class=\"forminator-input forminator-field--phone\" data-required=\"\" aria-required=\"false\" autocomplete=\"off\" \/><\/div><\/div><\/div><div class=\"forminator-row\"><div id=\"textarea-1\" class=\"forminator-field-textarea forminator-col forminator-col-12 \"><div class=\"forminator-field\"><label for=\"forminator-field-textarea-1_69e365a97d300\" id=\"forminator-field-textarea-1_69e365a97d300-label\" class=\"forminator-label\">Message<\/label><textarea name=\"textarea-1\" placeholder=\"\" id=\"forminator-field-textarea-1_69e365a97d300\" class=\"forminator-textarea\" rows=\"6\" style=\"min-height:140px;\" maxlength=\"1000\" ><\/textarea><span id=\"forminator-field-textarea-1_69e365a97d300-description\" class=\"forminator-description\"><span data-limit=\"1000\" data-type=\"characters\" data-editor=\"\">0 \/ 1000<\/span><\/span><\/div><\/div><\/div><div class=\"forminator-row\"><div id=\"consent-1\" class=\"forminator-field-consent forminator-col forminator-col-12 \"><div class=\"forminator-field\"><label for=\"forminator-field-consent-1_69e365a97d300\" id=\"forminator-field-consent-1_69e365a97d300-label\" class=\"forminator-label\">Consent <span class=\"forminator-required\">*<\/span><\/label><div class=\"forminator-checkbox__wrapper\"><label id=\"forminator-field-consent-1_69e365a97d300__label\" class=\"forminator-checkbox forminator-consent\" aria-labelledby=\"forminator-field-consent-1_69e365a97d300-label\"><input type=\"checkbox\" name=\"consent-1\" id=\"forminator-field-consent-1_69e365a97d300\" value=\"checked\" aria-labelledby=\"forminator-field-consent-1_69e365a97d300-label\" aria-describedby=\"forminator-field-consent-1_69e365a97d300__description\" data-required=\"true\" aria-required=\"true\" \/><span class=\"forminator-checkbox-box\" aria-hidden=\"true\"><\/span><\/label><div id=\"forminator-field-consent-1_69e365a97d300__description\" class=\"forminator-checkbox__label forminator-consent__label\"><p><strong>J\u2019ai lu et j\u2019accepte <a href=\"https:\/\/parkinsonquebec.ca\/protection-des-renseignements-personnels\/\">les conditions d\u2019utilisation des renseignements personnels de Parkinson Qu\u00e9bec et les modalit\u00e9s de la politique de confidentialit\u00e9, notamment quant \u00e0 l\u2019utilisation des renseignements personnels*<\/a><\/strong><\/p><\/div><\/div><\/div><\/div><\/div><input type=\"hidden\" name=\"referer_url\" value=\"\" \/><div class=\"forminator-row forminator-row-last\"><div class=\"forminator-col\"><div class=\"forminator-field\"><button class=\"forminator-button forminator-button-submit\">SUBMIT<\/button><\/div><\/div><\/div><input type=\"hidden\" id=\"forminator_nonce\" name=\"forminator_nonce\" value=\"dfc2e30200\" \/><input type=\"hidden\" name=\"_wp_http_referer\" value=\"\/en\/wp-json\/wp\/v2\/pages\/104691\" \/><input type=\"hidden\" name=\"form_id\" value=\"104690\"><input type=\"hidden\" name=\"page_id\" value=\"104691\"><input type=\"hidden\" name=\"form_type\" value=\"default\"><input type=\"hidden\" name=\"current_url\" value=\"https:\/\/parkinsonquebec.ca\/en\/contact\/\"><input type=\"hidden\" name=\"render_id\" value=\"0\"><input type=\"hidden\" name=\"action\" value=\"forminator_submit_form_custom-forms\"><\/form><\/div>\n<\/div>\n<\/div>\n<\/div>\n\n\n\n<div style=\"height:50px\" aria-hidden=\"true\" class=\"wp-block-spacer\"><\/div>\n\n\n\n<!-- Microdata - Structured Data -->\n<script type=\"application\/ld+json\">\n{\n    \"@context\": \"http:\/\/schema.org\",\n    \"@type\": \"Organization\",\n    \"name\": \"Parkinson Qu\u00e9bec\",\n    \"address\": {\n    \"@type\": \"PostalAddress\",\n    \"addressLocality\": \"Montreal, Quebec, Canada\",\n    \"postalCode\": \"H2L 0B6\",\n    \"streetAddress\": \"560 rue Ontario Est\"\n    },\n    \"email\": \"info@parkinsonquebec.ca\",\n    \"url\": \"https:\/\/www.parkinsonquebec.ca\",\n    \"logo\": \"https:\/\/www.parkinsonquebec.ca\/images\/logo-Parkinson-Quebec.svg\",\n    \"contactPoint\" : [\n    { \"@type\" : \"ContactPoint\",\n        \"telephone\" : \"+1-800-720-1307\",\n        \"contactType\" : \"customer service\",\n        \"contactOption\" : [\"TollFree\"]\n    }, {\n        \"@type\" : \"ContactPoint\",\n        \"telephone\" : \"+1-514-861-4422\",\n        \"contactType\" : \"customer service - local call\"\n    } ]\n}\n<\/script>\n<!-- Microdata - Structured Data -->\n","protected":false},"excerpt":{"rendered":"<p>Let\u2019s talk together At Parkinson Quebec, we believe that people living with Parkinson\u2019s should not have to face the disease alone. Parkinson Quebec 560 rue Ontario EstMontreal (Quebec) H2L 0B6 Phone Montreal area\u00a0: (514) 861-4422 Free\u00a0: 1 800 720-1307 ext&#8230;. <a href=\"https:\/\/parkinsonquebec.ca\/en\/contact\/\">Lire la suite<\/a> <a class=\"understrap-read-more-link btn btn-bleu py-5px px-15px ml-10px mt-0 d-none\" href=\"https:\/\/parkinsonquebec.ca\/en\/contact\/\">Lire la suite<span class=\"screen-reader-text\"> from Contact<\/span><\/a><\/p>\n","protected":false},"author":3454,"featured_media":0,"parent":0,"menu_order":4,"comment_status":"closed","ping_status":"closed","template":"","meta":{"footnotes":""},"class_list":["post-104691","page","type-page","status-publish","hentry"],"yoast_head":"<!-- This site is optimized with the Yoast SEO plugin v26.7 - https:\/\/yoast.com\/wordpress\/plugins\/seo\/ -->\n<title>Contact - Parkinson Qu\u00e9bec<\/title>\n<meta name=\"robots\" content=\"index, follow, max-snippet:-1, max-image-preview:large, max-video-preview:-1\" \/>\n<link rel=\"canonical\" href=\"https:\/\/parkinsonquebec.ca\/en\/contact\/\" \/>\n<meta property=\"og:locale\" content=\"en_US\" \/>\n<meta property=\"og:type\" content=\"article\" \/>\n<meta property=\"og:title\" content=\"Contact - Parkinson Qu\u00e9bec\" \/>\n<meta property=\"og:description\" content=\"Let\u2019s talk together At Parkinson Quebec, we believe that people living with Parkinson\u2019s should not have to face the disease alone. Parkinson Quebec 560 rue Ontario EstMontreal (Quebec) H2L 0B6 Phone Montreal area\u00a0: (514) 861-4422 Free\u00a0: 1 800 720-1307 ext.... Lire la suite Lire la suite from Contact\" \/>\n<meta property=\"og:url\" content=\"https:\/\/parkinsonquebec.ca\/en\/contact\/\" \/>\n<meta property=\"og:site_name\" content=\"Parkinson Qu\u00e9bec\" \/>\n<meta property=\"article:modified_time\" content=\"2024-05-22T14:46:50+00:00\" \/>\n<meta name=\"twitter:label1\" content=\"Est. reading time\" \/>\n\t<meta name=\"twitter:data1\" content=\"1 minute\" \/>\n<script type=\"application\/ld+json\" class=\"yoast-schema-graph\">{\"@context\":\"https:\/\/schema.org\",\"@graph\":[{\"@type\":\"WebPage\",\"@id\":\"https:\/\/parkinsonquebec.ca\/en\/contact\/\",\"url\":\"https:\/\/parkinsonquebec.ca\/en\/contact\/\",\"name\":\"Contact - Parkinson Qu\u00e9bec\",\"isPartOf\":{\"@id\":\"https:\/\/parkinsonquebec.ca\/en\/#website\"},\"datePublished\":\"2023-06-22T14:38:16+00:00\",\"dateModified\":\"2024-05-22T14:46:50+00:00\",\"breadcrumb\":{\"@id\":\"https:\/\/parkinsonquebec.ca\/en\/contact\/#breadcrumb\"},\"inLanguage\":\"en-CA\",\"potentialAction\":[{\"@type\":\"ReadAction\",\"target\":[\"https:\/\/parkinsonquebec.ca\/en\/contact\/\"]}]},{\"@type\":\"BreadcrumbList\",\"@id\":\"https:\/\/parkinsonquebec.ca\/en\/contact\/#breadcrumb\",\"itemListElement\":[{\"@type\":\"ListItem\",\"position\":1,\"name\":\"Accueil\",\"item\":\"https:\/\/parkinsonquebec.ca\/en\/\"},{\"@type\":\"ListItem\",\"position\":2,\"name\":\"Contact\"}]},{\"@type\":\"WebSite\",\"@id\":\"https:\/\/parkinsonquebec.ca\/en\/#website\",\"url\":\"https:\/\/parkinsonquebec.ca\/en\/\",\"name\":\"Parkinson Qu\u00e9bec\",\"description\":\"\",\"potentialAction\":[{\"@type\":\"SearchAction\",\"target\":{\"@type\":\"EntryPoint\",\"urlTemplate\":\"https:\/\/parkinsonquebec.ca\/en\/?s={search_term_string}\"},\"query-input\":{\"@type\":\"PropertyValueSpecification\",\"valueRequired\":true,\"valueName\":\"search_term_string\"}}],\"inLanguage\":\"en-CA\"}]}<\/script>\n<!-- \/ Yoast SEO plugin. -->","yoast_head_json":{"title":"Contact - Parkinson Qu\u00e9bec","robots":{"index":"index","follow":"follow","max-snippet":"max-snippet:-1","max-image-preview":"max-image-preview:large","max-video-preview":"max-video-preview:-1"},"canonical":"https:\/\/parkinsonquebec.ca\/en\/contact\/","og_locale":"en_US","og_type":"article","og_title":"Contact - Parkinson Qu\u00e9bec","og_description":"Let\u2019s talk together At Parkinson Quebec, we believe that people living with Parkinson\u2019s should not have to face the disease alone. Parkinson Quebec 560 rue Ontario EstMontreal (Quebec) H2L 0B6 Phone Montreal area\u00a0: (514) 861-4422 Free\u00a0: 1 800 720-1307 ext.... Lire la suite Lire la suite from Contact","og_url":"https:\/\/parkinsonquebec.ca\/en\/contact\/","og_site_name":"Parkinson Qu\u00e9bec","article_modified_time":"2024-05-22T14:46:50+00:00","twitter_misc":{"Est. reading time":"1 minute"},"schema":{"@context":"https:\/\/schema.org","@graph":[{"@type":"WebPage","@id":"https:\/\/parkinsonquebec.ca\/en\/contact\/","url":"https:\/\/parkinsonquebec.ca\/en\/contact\/","name":"Contact - Parkinson Qu\u00e9bec","isPartOf":{"@id":"https:\/\/parkinsonquebec.ca\/en\/#website"},"datePublished":"2023-06-22T14:38:16+00:00","dateModified":"2024-05-22T14:46:50+00:00","breadcrumb":{"@id":"https:\/\/parkinsonquebec.ca\/en\/contact\/#breadcrumb"},"inLanguage":"en-CA","potentialAction":[{"@type":"ReadAction","target":["https:\/\/parkinsonquebec.ca\/en\/contact\/"]}]},{"@type":"BreadcrumbList","@id":"https:\/\/parkinsonquebec.ca\/en\/contact\/#breadcrumb","itemListElement":[{"@type":"ListItem","position":1,"name":"Accueil","item":"https:\/\/parkinsonquebec.ca\/en\/"},{"@type":"ListItem","position":2,"name":"Contact"}]},{"@type":"WebSite","@id":"https:\/\/parkinsonquebec.ca\/en\/#website","url":"https:\/\/parkinsonquebec.ca\/en\/","name":"Parkinson Qu\u00e9bec","description":"","potentialAction":[{"@type":"SearchAction","target":{"@type":"EntryPoint","urlTemplate":"https:\/\/parkinsonquebec.ca\/en\/?s={search_term_string}"},"query-input":{"@type":"PropertyValueSpecification","valueRequired":true,"valueName":"search_term_string"}}],"inLanguage":"en-CA"}]}},"_links":{"self":[{"href":"https:\/\/parkinsonquebec.ca\/en\/wp-json\/wp\/v2\/pages\/104691","targetHints":{"allow":["GET"]}}],"collection":[{"href":"https:\/\/parkinsonquebec.ca\/en\/wp-json\/wp\/v2\/pages"}],"about":[{"href":"https:\/\/parkinsonquebec.ca\/en\/wp-json\/wp\/v2\/types\/page"}],"author":[{"embeddable":true,"href":"https:\/\/parkinsonquebec.ca\/en\/wp-json\/wp\/v2\/users\/3454"}],"replies":[{"embeddable":true,"href":"https:\/\/parkinsonquebec.ca\/en\/wp-json\/wp\/v2\/comments?post=104691"}],"version-history":[{"count":2,"href":"https:\/\/parkinsonquebec.ca\/en\/wp-json\/wp\/v2\/pages\/104691\/revisions"}],"predecessor-version":[{"id":104694,"href":"https:\/\/parkinsonquebec.ca\/en\/wp-json\/wp\/v2\/pages\/104691\/revisions\/104694"}],"wp:attachment":[{"href":"https:\/\/parkinsonquebec.ca\/en\/wp-json\/wp\/v2\/media?parent=104691"}],"curies":[{"name":"wp","href":"https:\/\/api.w.org\/{rel}","templated":true}]}}