{"id":105052,"date":"2023-09-12T12:15:59","date_gmt":"2023-09-12T16:15:59","guid":{"rendered":"https:\/\/parkinsonquebec.ca\/?page_id=105052"},"modified":"2024-11-06T10:41:45","modified_gmt":"2024-11-06T15:41:45","slug":"abitibi-temiscamingue","status":"publish","type":"page","link":"https:\/\/parkinsonquebec.ca\/en\/services\/in-your-area\/abitibi-temiscamingue\/","title":{"rendered":"Abitibi-T\u00e9miscamingue"},"content":{"rendered":"\n<div class=\"wp-block-cover alignfull entete-photo image-opacite-30\"><span aria-hidden=\"true\" class=\"wp-block-cover__background has-background-dim wp-block-cover__gradient-background has-background-gradient has-degrade-bleu-vers-la-gauche-gradient-background\"><\/span><img loading=\"lazy\" decoding=\"async\" width=\"2087\" height=\"600\" class=\"wp-block-cover__image-background wp-image-101741\" alt=\"\" src=\"https:\/\/parkinsonquebec.ca\/wp-content\/uploads\/2023\/09\/entete-photo-abitibi.jpg\" data-object-fit=\"cover\" srcset=\"https:\/\/parkinsonquebec.ca\/wp-content\/uploads\/2023\/09\/entete-photo-abitibi.jpg 2087w, https:\/\/parkinsonquebec.ca\/wp-content\/uploads\/2023\/09\/entete-photo-abitibi-1280x368.jpg 1280w, https:\/\/parkinsonquebec.ca\/wp-content\/uploads\/2023\/09\/entete-photo-abitibi-768x221.jpg 768w, https:\/\/parkinsonquebec.ca\/wp-content\/uploads\/2023\/09\/entete-photo-abitibi-1536x442.jpg 1536w, https:\/\/parkinsonquebec.ca\/wp-content\/uploads\/2023\/09\/entete-photo-abitibi-2048x589.jpg 2048w\" sizes=\"auto, (max-width: 2087px) 100vw, 2087px\" \/><div class=\"wp-block-cover__inner-container is-layout-flow wp-block-cover-is-layout-flow\">\n<div class=\"wp-block-group entete-photo__contenu is-layout-flow wp-block-group-is-layout-flow\">\n<h1 class=\"wp-block-heading has-medium-font-size\">Parkinson<br>Abitibi-T\u00e9miscamingue<\/h1>\n<\/div>\n\n\n\n<div class=\"wp-block-group entete-photo__graphic is-layout-flow wp-block-group-is-layout-flow\">\n<div class=\"wp-block-group logo-personnage-header is-layout-flow wp-block-group-is-layout-flow\"><\/div>\n<\/div>\n<\/div><\/div>\n\n\n\n<div class=\"wp-block-columns alignwide introduction-section-2-cols is-layout-flex wp-container-core-columns-is-layout-9d6595d7 wp-block-columns-is-layout-flex\" id=\"introduction-section\">\n<div class=\"wp-block-column col-lg-8 region-section-intro-col-1 is-layout-flow wp-block-column-is-layout-flow\">\n<div id=\"coordonnees\" class=\"wp-block-group bloc-coordonnees is-layout-constrained wp-block-group-is-layout-constrained\">\n<h2 class=\"wp-block-heading\">Parkinson Abitibi-T\u00e9miscamingue<\/h2>\n\n\n\n<p class=\"has-text-align-left coordonnees-icon-adresse\">380 Richard Ave., P.O. Box 204, Suite 215, Rouyn-Noranda, Quebec, J9X 5C3<\/p>\n\n\n\n<p class=\"has-text-align-left coordonnees-icon-telephone\">(819) 880-1425<\/p>\n\n\n\n<p class=\"has-text-align-left coordonnees-icon-enveloppe\"><a href=\"mailto:abitibi-temiscamingue@parkinsonquebec.ca\">abitibi-temiscamingue@parkinsonquebec.ca<\/a><\/p>\n\n\n\n<p class=\"has-text-align-left coordonnees-icon-facebook\"><a href=\"https:\/\/www.facebook.com\/profile.php?id=61561774895349\" target=\"_blank\" rel=\"noreferrer noopener\">Follow us on Facebook<\/a> <\/p>\n\n\n\n<p><img decoding=\"async\" class=\"wp-image-102962\" style=\"width: 0px;\" src=\"https:\/\/parkinsonquebec.ca\/wp-content\/uploads\/\/icon-poignee-de-main-bleu.svg\" alt=\"\"><img decoding=\"async\" class=\"wp-image-102072\" style=\"width: 0px;\" src=\"https:\/\/parkinsonquebec.ca\/wp-content\/uploads\/\/icon-btn-je-donne-bleu.svg\" alt=\"\"> <strong><img loading=\"lazy\" decoding=\"async\" width=\"25\" height=\"22\" class=\"wp-image-2462\" style=\"width: 25px;\" src=\"https:\/\/parkinsonquebec.ca\/wp-content\/uploads\/2023\/08\/conseils-icone.png\" alt=\"\"><\/strong>  <a href=\"https:\/\/tinyurl.com\/parkinsonabitibi\">Donate<\/a><\/p>\n<\/div>\n\n\n\n<div id=\"a-propos\" class=\"wp-block-group bloc-a-propos is-layout-constrained wp-block-group-is-layout-constrained\">\n<h2 class=\"wp-block-heading has-pq-bleu-clair-color has-text-color\"><strong>ABOUT US<\/strong><\/h2>\n\n\n\n<p>The organization\u2019s mission is to support people dealing with Parkinson\u2019s Disease throughout Abitibi-T\u00e9miscamingue by providing support and information, advocacy and backing for research into this disease, including:<\/p>\n\n\n\n<ul class=\"wp-block-list\">\n<li>Promoting health by offering people with Parkinson\u2019s Disease physical activities adapted to their condition.<\/li>\n\n\n\n<li>Breaking isolation through mutual aid and support groups.<\/li>\n\n\n\n<li>Promoting and representing the interests of people with Parkinson\u2019s before private and government bodies.<\/li>\n\n\n\n<li>Ensuring constant visibility.<\/li>\n\n\n\n<li>Providing information on the disease to people with Parkinson\u2019s and their caregivers.<\/li>\n\n\n\n<li>Promoting the creation of support groups.<\/li>\n\n\n\n<li>Supporting activities that contribute to research.<\/li>\n\n\n\n<li>Remitting funds to qualified beneficiaries.<\/li>\n<\/ul>\n<\/div>\n<\/div>\n\n\n\n<div class=\"wp-block-column col-lg-4 region-section-intro-col-2 is-layout-flow wp-block-column-is-layout-flow\">\n<div id=\"conseil-administration\" class=\"wp-block-group bloc-ca is-layout-constrained wp-block-group-is-layout-constrained\">\n<h2 class=\"wp-block-heading\"><strong>Board of Directors<\/strong><\/h2>\n\n\n\n<div class=\"wp-block-group bloc-ca-content is-layout-constrained wp-block-group-is-layout-constrained\">\n<ul class=\"wp-block-list\">\n<li>Luc Desjardins President<\/li>\n\n\n\n<li>Louise-H\u00e9l\u00e8ne Audet Secretary<\/li>\n\n\n\n<li>Katy Mercier<br>Treasurer<\/li>\n\n\n\n<li>Micheline Roulier Advisor<\/li>\n\n\n\n<li>Micheline Roulier <br>GES Amos-region<\/li>\n\n\n\n<li>Poste vacant <br>GES Abitibi-Ouest <\/li>\n\n\n\n<li>Poste vacant <br>GES Rouyn-Noranda<\/li>\n\n\n\n<li>Claude Lacroix <br>GES Vall\u00e9e-de-l\u2019Or<\/li>\n\n\n\n<li>Denis Drouin <br>GES T\u00e9miscamingue <\/li>\n\n\n\n<li>Denise Lefebvre <br>Administrative Assistant                                              <\/li>\n\n\n\n<li>Bob Bouchard  Coordinator<\/li>\n<\/ul>\n<\/div>\n<\/div>\n<\/div>\n<\/div>\n\n\n\n<div style=\"height:100px\" aria-hidden=\"true\" class=\"wp-block-spacer\"><\/div>\n\n\n\n<div class=\"wp-block-group alignfull px-30px py-30px py-xxl-0 inview-anim-custom has-pq-bleu-ciel-background-color has-background is-layout-constrained wp-block-group-is-layout-constrained\" id=\"carte-quebec-parkinson-en-region\">\n<div class=\"wp-block-columns align-items-center mw-100-pourcent is-layout-flex wp-container-core-columns-is-layout-9d6595d7 wp-block-columns-is-layout-flex\">\n<div class=\"wp-block-column col-12 col-xxl-auto pt-30px pb-xxl-30px pr-xxl-80px is-layout-flow wp-block-column-is-layout-flow\">\n<div class=\"wp-block-group mx-auto pt-20px text-center text-xxl-right is-layout-flow wp-block-group-is-layout-flow\">\n<h2 class=\"wp-block-heading d-inline-block d-xxl-block text-center text-xxl-right mb-0 texte-giga texte-pas-de-gras has-blanc-color has-text-color\">IN YOUR<\/h2>\n\n\n\n<h2 class=\"wp-block-heading d-inline-block d-xxl-block text-center text-xxl-right my-0 texte-giga texte-pas-de-gras has-blanc-color has-text-color\"><span class=\"d-none d-sm-inline\">\u00a0<\/span>AREA<\/h2>\n\n\n\n<p class=\"text-center text-xxl-right texte-tres-tres-gros has-pq-bleu-color has-text-color\"><strong>Parkinson Qu\u00e9bec<\/strong><\/p>\n<\/div>\n<\/div>\n\n\n\n<div class=\"wp-block-column col-12 col-md-6 col-xxl-auto align-self-start text-center is-layout-flow wp-block-column-is-layout-flow\">\n<img decoding=\"async\" src=\"\/images\/carte-quebec-parkinson-en-region.svg\" alt=\"\" width=\"500\">\n<\/div>\n\n\n\n<div class=\"wp-block-column col-12 col-md-6 col-xxl-auto mb-10px pt-20px pl-lg-50px texte-gras texte-petit is-layout-flow wp-block-column-is-layout-flow\">\n<div class=\"wp-block-group liste-petit-chiffre texte-majuscule is-layout-constrained wp-block-group-is-layout-constrained\">\n<div class=\"wp-block-group liste-petit-chiffre-rangee is-layout-constrained wp-block-group-is-layout-constrained\">\n<div class=\"wp-block-group liste-petit-chiffre__chiffre is-layout-constrained wp-block-group-is-layout-constrained\">\n<div class=\"wp-block-group is-layout-constrained wp-block-group-is-layout-constrained\">\n<p>1<\/p>\n<\/div>\n<\/div>\n\n\n\n<div class=\"wp-block-group liste-petit-chiffre__contenu is-layout-constrained wp-block-group-is-layout-constrained\">\n<p class=\"has-pq-bleu-color has-text-color\"><a href=\"https:\/\/parkinsonquebec.ca\/en\/services\/in-your-area\/abitibi-temiscamingue\/\" data-type=\"page\" data-id=\"105052\">Abitibi-T\u00e9miscamingue<\/a><\/p>\n<\/div>\n<\/div>\n\n\n\n<div class=\"wp-block-group liste-petit-chiffre-rangee is-layout-constrained wp-block-group-is-layout-constrained\">\n<div class=\"wp-block-group liste-petit-chiffre__chiffre is-layout-constrained wp-block-group-is-layout-constrained\">\n<div class=\"wp-block-group is-layout-constrained wp-block-group-is-layout-constrained\">\n<p>2<\/p>\n<\/div>\n<\/div>\n\n\n\n<div class=\"wp-block-group liste-petit-chiffre__contenu is-layout-constrained wp-block-group-is-layout-constrained\">\n<p class=\"has-pq-bleu-color has-text-color\"><a href=\"https:\/\/parkinsonbsl.ca\/\">Bas-Saint-Laurent<\/a><\/p>\n<\/div>\n<\/div>\n\n\n\n<div class=\"wp-block-group liste-petit-chiffre-rangee is-layout-constrained wp-block-group-is-layout-constrained\">\n<div class=\"wp-block-group liste-petit-chiffre__chiffre is-layout-constrained wp-block-group-is-layout-constrained\">\n<div class=\"wp-block-group is-layout-constrained wp-block-group-is-layout-constrained\">\n<p>3<\/p>\n<\/div>\n<\/div>\n\n\n\n<div class=\"wp-block-group liste-petit-chiffre__contenu is-layout-constrained wp-block-group-is-layout-constrained\">\n<p class=\"has-pq-bleu-color has-text-color\"><a rel=\"noreferrer noopener\" href=\"https:\/\/www.avoscotes.ca\/\" target=\"_blank\">Centre-du-Qu\u00e9bec \u2013 Mauricie<\/a><\/p>\n<\/div>\n<\/div>\n\n\n\n<div class=\"wp-block-group liste-petit-chiffre-rangee is-layout-constrained wp-block-group-is-layout-constrained\">\n<div class=\"wp-block-group liste-petit-chiffre__chiffre is-layout-constrained wp-block-group-is-layout-constrained\">\n<div class=\"wp-block-group is-layout-constrained wp-block-group-is-layout-constrained\">\n<p>4<\/p>\n<\/div>\n<\/div>\n\n\n\n<div class=\"wp-block-group liste-petit-chiffre__contenu is-layout-constrained wp-block-group-is-layout-constrained\">\n<p class=\"has-pq-bleu-color has-text-color\"><a rel=\"noreferrer noopener\" href=\"https:\/\/prqca.ca\/\" target=\"_blank\">Capitale-Nationale<\/a><br><a rel=\"noreferrer noopener\" href=\"https:\/\/prqca.ca\/\" target=\"_blank\">Chaudi\u00e8re-Appalaches<\/a><\/p>\n<\/div>\n<\/div>\n\n\n\n<div class=\"wp-block-group liste-petit-chiffre-rangee is-layout-constrained wp-block-group-is-layout-constrained\">\n<div class=\"wp-block-group liste-petit-chiffre__chiffre is-layout-constrained wp-block-group-is-layout-constrained\">\n<div class=\"wp-block-group is-layout-constrained wp-block-group-is-layout-constrained\">\n<p>5<\/p>\n<\/div>\n<\/div>\n\n\n\n<div class=\"wp-block-group liste-petit-chiffre__contenu is-layout-constrained wp-block-group-is-layout-constrained\">\n<p class=\"has-pq-bleu-color has-text-color\"><a href=\"https:\/\/parkinsonquebec.ca\/en\/services\/in-your-area\/cote-nord\/\" data-type=\"page\" data-id=\"105080\">C\u00f4te-Nord<\/a><\/p>\n<\/div>\n<\/div>\n\n\n\n<div class=\"wp-block-group liste-petit-chiffre-rangee is-layout-constrained wp-block-group-is-layout-constrained\">\n<div class=\"wp-block-group liste-petit-chiffre__chiffre is-layout-constrained wp-block-group-is-layout-constrained\">\n<div class=\"wp-block-group is-layout-constrained wp-block-group-is-layout-constrained\">\n<p>6<\/p>\n<\/div>\n<\/div>\n\n\n\n<div class=\"wp-block-group liste-petit-chiffre__contenu is-layout-constrained wp-block-group-is-layout-constrained\">\n<p class=\"has-pq-bleu-color has-text-color\"><a rel=\"noreferrer noopener\" href=\"https:\/\/www.parkinsonestrie.org\/\" target=\"_blank\">Estrie<\/a><\/p>\n<\/div>\n<\/div>\n\n\n\n<div class=\"wp-block-group liste-petit-chiffre-rangee is-layout-constrained wp-block-group-is-layout-constrained\">\n<div class=\"wp-block-group liste-petit-chiffre__chiffre is-layout-constrained wp-block-group-is-layout-constrained\">\n<div class=\"wp-block-group is-layout-constrained wp-block-group-is-layout-constrained\">\n<p>7<\/p>\n<\/div>\n<\/div>\n\n\n\n<div class=\"wp-block-group liste-petit-chiffre__contenu is-layout-constrained wp-block-group-is-layout-constrained\">\n<p class=\"has-pq-bleu-color has-text-color\"><a rel=\"noreferrer noopener\" href=\"https:\/\/parkinsonmontreallaval.ca\/\" target=\"_blank\">Montr\u00e9al-Laval<\/a><\/p>\n<\/div>\n<\/div>\n\n\n\n<div class=\"wp-block-group liste-petit-chiffre-rangee is-layout-constrained wp-block-group-is-layout-constrained\">\n<div class=\"wp-block-group liste-petit-chiffre__chiffre is-layout-constrained wp-block-group-is-layout-constrained\">\n<div class=\"wp-block-group is-layout-constrained wp-block-group-is-layout-constrained\">\n<p>8<\/p>\n<\/div>\n<\/div>\n\n\n\n<div class=\"wp-block-group liste-petit-chiffre__contenu is-layout-constrained wp-block-group-is-layout-constrained\">\n<p class=\"has-pq-bleu-color has-text-color\"><a href=\"https:\/\/parkinsonquebec.ca\/en\/services\/in-your-area\/outaouais\/\" data-type=\"page\" data-id=\"105069\">Outaouais<\/a><\/p>\n<\/div>\n<\/div>\n\n\n\n<div class=\"wp-block-group liste-petit-chiffre-rangee is-layout-constrained wp-block-group-is-layout-constrained\">\n<div class=\"wp-block-group liste-petit-chiffre__chiffre is-layout-constrained wp-block-group-is-layout-constrained\">\n<div class=\"wp-block-group is-layout-constrained wp-block-group-is-layout-constrained\">\n<p>9<\/p>\n<\/div>\n<\/div>\n\n\n\n<div class=\"wp-block-group liste-petit-chiffre__contenu is-layout-constrained wp-block-group-is-layout-constrained\">\n<p class=\"has-pq-bleu-color has-text-color\"><a rel=\"noreferrer noopener\" href=\"https:\/\/www.parkinson-slsj.ca\/\" target=\"_blank\">Saguenay\u2013Lac-Saint-Jean<\/a><\/p>\n<\/div>\n<\/div>\n\n\n\n<div class=\"wp-block-group liste-petit-chiffre-rangee is-layout-constrained wp-block-group-is-layout-constrained\">\n<div class=\"wp-block-group liste-petit-chiffre__chiffre is-layout-constrained wp-block-group-is-layout-constrained\">\n<div class=\"wp-block-group is-layout-constrained wp-block-group-is-layout-constrained\">\n<p>10<\/p>\n<\/div>\n<\/div>\n\n\n\n<div class=\"wp-block-group liste-petit-chiffre__contenu is-layout-constrained wp-block-group-is-layout-constrained\">\n<p class=\"has-pq-bleu-color has-text-color\"><a href=\"https:\/\/parkinsonquebec.ca\/en\/services\/in-your-area\/monteregie\/\" data-type=\"page\" data-id=\"105074\">Mont\u00e9r\u00e9gie<\/a><\/p>\n<\/div>\n<\/div>\n<\/div>\n<\/div>\n<\/div>\n<\/div>\n","protected":false},"excerpt":{"rendered":"<p>Parkinson Abitibi-T\u00e9miscamingue 380 Richard Ave., P.O. Box 204, Suite 215, Rouyn-Noranda, Quebec, J9X 5C3 (819) 880-1425 abitibi-temiscamingue@parkinsonquebec.ca Follow us on Facebook Donate ABOUT US The organization\u2019s mission is to support people dealing with Parkinson\u2019s Disease throughout Abitibi-T\u00e9miscamingue by providing support&#8230; <a href=\"https:\/\/parkinsonquebec.ca\/en\/services\/in-your-area\/abitibi-temiscamingue\/\">Lire la suite<\/a> <a class=\"understrap-read-more-link btn btn-bleu py-5px px-15px ml-10px mt-0 d-none\" href=\"https:\/\/parkinsonquebec.ca\/en\/services\/in-your-area\/abitibi-temiscamingue\/\">Lire la suite<span class=\"screen-reader-text\"> from Abitibi-T\u00e9miscamingue<\/span><\/a><\/p>\n","protected":false},"author":3454,"featured_media":0,"parent":105057,"menu_order":0,"comment_status":"closed","ping_status":"closed","template":"","meta":{"footnotes":""},"class_list":["post-105052","page","type-page","status-publish","hentry"],"yoast_head":"<!-- This site is optimized with the Yoast SEO plugin v26.7 - https:\/\/yoast.com\/wordpress\/plugins\/seo\/ -->\n<title>Abitibi-T\u00e9miscamingue - Parkinson Qu\u00e9bec<\/title>\n<meta name=\"robots\" content=\"index, follow, max-snippet:-1, max-image-preview:large, max-video-preview:-1\" \/>\n<link rel=\"canonical\" href=\"https:\/\/parkinsonquebec.ca\/en\/services\/in-your-area\/abitibi-temiscamingue\/\" \/>\n<meta property=\"og:locale\" content=\"en_US\" \/>\n<meta property=\"og:type\" content=\"article\" \/>\n<meta property=\"og:title\" content=\"Abitibi-T\u00e9miscamingue - Parkinson Qu\u00e9bec\" \/>\n<meta property=\"og:description\" content=\"Parkinson Abitibi-T\u00e9miscamingue 380 Richard Ave., P.O. Box 204, Suite 215, Rouyn-Noranda, Quebec, J9X 5C3 (819) 880-1425 abitibi-temiscamingue@parkinsonquebec.ca Follow us on Facebook Donate ABOUT US The organization\u2019s mission is to support people dealing with Parkinson\u2019s Disease throughout Abitibi-T\u00e9miscamingue by providing support... Lire la suite Lire la suite from Abitibi-T\u00e9miscamingue\" \/>\n<meta property=\"og:url\" content=\"https:\/\/parkinsonquebec.ca\/en\/services\/in-your-area\/abitibi-temiscamingue\/\" \/>\n<meta property=\"og:site_name\" content=\"Parkinson Qu\u00e9bec\" \/>\n<meta property=\"article:modified_time\" content=\"2024-11-06T15:41:45+00:00\" \/>\n<meta property=\"og:image\" content=\"https:\/\/parkinsonquebec.ca\/wp-content\/uploads\/2023\/09\/entete-photo-abitibi.jpg\" \/>\n<meta name=\"twitter:label1\" content=\"Est. reading time\" \/>\n\t<meta name=\"twitter:data1\" content=\"2 minutes\" \/>\n<script type=\"application\/ld+json\" class=\"yoast-schema-graph\">{\"@context\":\"https:\/\/schema.org\",\"@graph\":[{\"@type\":\"WebPage\",\"@id\":\"https:\/\/parkinsonquebec.ca\/en\/services\/in-your-area\/abitibi-temiscamingue\/\",\"url\":\"https:\/\/parkinsonquebec.ca\/en\/services\/in-your-area\/abitibi-temiscamingue\/\",\"name\":\"Abitibi-T\u00e9miscamingue - Parkinson Qu\u00e9bec\",\"isPartOf\":{\"@id\":\"https:\/\/parkinsonquebec.ca\/en\/#website\"},\"primaryImageOfPage\":{\"@id\":\"https:\/\/parkinsonquebec.ca\/en\/services\/in-your-area\/abitibi-temiscamingue\/#primaryimage\"},\"image\":{\"@id\":\"https:\/\/parkinsonquebec.ca\/en\/services\/in-your-area\/abitibi-temiscamingue\/#primaryimage\"},\"thumbnailUrl\":\"https:\/\/parkinsonquebec.ca\/wp-content\/uploads\/2023\/09\/entete-photo-abitibi.jpg\",\"datePublished\":\"2023-09-12T16:15:59+00:00\",\"dateModified\":\"2024-11-06T15:41:45+00:00\",\"breadcrumb\":{\"@id\":\"https:\/\/parkinsonquebec.ca\/en\/services\/in-your-area\/abitibi-temiscamingue\/#breadcrumb\"},\"inLanguage\":\"en-CA\",\"potentialAction\":[{\"@type\":\"ReadAction\",\"target\":[\"https:\/\/parkinsonquebec.ca\/en\/services\/in-your-area\/abitibi-temiscamingue\/\"]}]},{\"@type\":\"ImageObject\",\"inLanguage\":\"en-CA\",\"@id\":\"https:\/\/parkinsonquebec.ca\/en\/services\/in-your-area\/abitibi-temiscamingue\/#primaryimage\",\"url\":\"https:\/\/parkinsonquebec.ca\/wp-content\/uploads\/2023\/09\/entete-photo-abitibi.jpg\",\"contentUrl\":\"https:\/\/parkinsonquebec.ca\/wp-content\/uploads\/2023\/09\/entete-photo-abitibi.jpg\"},{\"@type\":\"BreadcrumbList\",\"@id\":\"https:\/\/parkinsonquebec.ca\/en\/services\/in-your-area\/abitibi-temiscamingue\/#breadcrumb\",\"itemListElement\":[{\"@type\":\"ListItem\",\"position\":1,\"name\":\"Accueil\",\"item\":\"https:\/\/parkinsonquebec.ca\/en\/\"},{\"@type\":\"ListItem\",\"position\":2,\"name\":\"Services\",\"item\":\"https:\/\/parkinsonquebec.ca\/en\/services\/\"},{\"@type\":\"ListItem\",\"position\":3,\"name\":\"In your area\",\"item\":\"https:\/\/parkinsonquebec.ca\/en\/services\/in-your-area\/\"},{\"@type\":\"ListItem\",\"position\":4,\"name\":\"Abitibi-T\u00e9miscamingue\"}]},{\"@type\":\"WebSite\",\"@id\":\"https:\/\/parkinsonquebec.ca\/en\/#website\",\"url\":\"https:\/\/parkinsonquebec.ca\/en\/\",\"name\":\"Parkinson Qu\u00e9bec\",\"description\":\"\",\"potentialAction\":[{\"@type\":\"SearchAction\",\"target\":{\"@type\":\"EntryPoint\",\"urlTemplate\":\"https:\/\/parkinsonquebec.ca\/en\/?s={search_term_string}\"},\"query-input\":{\"@type\":\"PropertyValueSpecification\",\"valueRequired\":true,\"valueName\":\"search_term_string\"}}],\"inLanguage\":\"en-CA\"}]}<\/script>\n<!-- \/ Yoast SEO plugin. -->","yoast_head_json":{"title":"Abitibi-T\u00e9miscamingue - Parkinson Qu\u00e9bec","robots":{"index":"index","follow":"follow","max-snippet":"max-snippet:-1","max-image-preview":"max-image-preview:large","max-video-preview":"max-video-preview:-1"},"canonical":"https:\/\/parkinsonquebec.ca\/en\/services\/in-your-area\/abitibi-temiscamingue\/","og_locale":"en_US","og_type":"article","og_title":"Abitibi-T\u00e9miscamingue - Parkinson Qu\u00e9bec","og_description":"Parkinson Abitibi-T\u00e9miscamingue 380 Richard Ave., P.O. Box 204, Suite 215, Rouyn-Noranda, Quebec, J9X 5C3 (819) 880-1425 abitibi-temiscamingue@parkinsonquebec.ca Follow us on Facebook Donate ABOUT US The organization\u2019s mission is to support people dealing with Parkinson\u2019s Disease throughout Abitibi-T\u00e9miscamingue by providing support... Lire la suite Lire la suite from Abitibi-T\u00e9miscamingue","og_url":"https:\/\/parkinsonquebec.ca\/en\/services\/in-your-area\/abitibi-temiscamingue\/","og_site_name":"Parkinson Qu\u00e9bec","article_modified_time":"2024-11-06T15:41:45+00:00","og_image":[{"url":"https:\/\/parkinsonquebec.ca\/wp-content\/uploads\/2023\/09\/entete-photo-abitibi.jpg","type":"","width":"","height":""}],"twitter_misc":{"Est. reading time":"2 minutes"},"schema":{"@context":"https:\/\/schema.org","@graph":[{"@type":"WebPage","@id":"https:\/\/parkinsonquebec.ca\/en\/services\/in-your-area\/abitibi-temiscamingue\/","url":"https:\/\/parkinsonquebec.ca\/en\/services\/in-your-area\/abitibi-temiscamingue\/","name":"Abitibi-T\u00e9miscamingue - Parkinson Qu\u00e9bec","isPartOf":{"@id":"https:\/\/parkinsonquebec.ca\/en\/#website"},"primaryImageOfPage":{"@id":"https:\/\/parkinsonquebec.ca\/en\/services\/in-your-area\/abitibi-temiscamingue\/#primaryimage"},"image":{"@id":"https:\/\/parkinsonquebec.ca\/en\/services\/in-your-area\/abitibi-temiscamingue\/#primaryimage"},"thumbnailUrl":"https:\/\/parkinsonquebec.ca\/wp-content\/uploads\/2023\/09\/entete-photo-abitibi.jpg","datePublished":"2023-09-12T16:15:59+00:00","dateModified":"2024-11-06T15:41:45+00:00","breadcrumb":{"@id":"https:\/\/parkinsonquebec.ca\/en\/services\/in-your-area\/abitibi-temiscamingue\/#breadcrumb"},"inLanguage":"en-CA","potentialAction":[{"@type":"ReadAction","target":["https:\/\/parkinsonquebec.ca\/en\/services\/in-your-area\/abitibi-temiscamingue\/"]}]},{"@type":"ImageObject","inLanguage":"en-CA","@id":"https:\/\/parkinsonquebec.ca\/en\/services\/in-your-area\/abitibi-temiscamingue\/#primaryimage","url":"https:\/\/parkinsonquebec.ca\/wp-content\/uploads\/2023\/09\/entete-photo-abitibi.jpg","contentUrl":"https:\/\/parkinsonquebec.ca\/wp-content\/uploads\/2023\/09\/entete-photo-abitibi.jpg"},{"@type":"BreadcrumbList","@id":"https:\/\/parkinsonquebec.ca\/en\/services\/in-your-area\/abitibi-temiscamingue\/#breadcrumb","itemListElement":[{"@type":"ListItem","position":1,"name":"Accueil","item":"https:\/\/parkinsonquebec.ca\/en\/"},{"@type":"ListItem","position":2,"name":"Services","item":"https:\/\/parkinsonquebec.ca\/en\/services\/"},{"@type":"ListItem","position":3,"name":"In your area","item":"https:\/\/parkinsonquebec.ca\/en\/services\/in-your-area\/"},{"@type":"ListItem","position":4,"name":"Abitibi-T\u00e9miscamingue"}]},{"@type":"WebSite","@id":"https:\/\/parkinsonquebec.ca\/en\/#website","url":"https:\/\/parkinsonquebec.ca\/en\/","name":"Parkinson Qu\u00e9bec","description":"","potentialAction":[{"@type":"SearchAction","target":{"@type":"EntryPoint","urlTemplate":"https:\/\/parkinsonquebec.ca\/en\/?s={search_term_string}"},"query-input":{"@type":"PropertyValueSpecification","valueRequired":true,"valueName":"search_term_string"}}],"inLanguage":"en-CA"}]}},"_links":{"self":[{"href":"https:\/\/parkinsonquebec.ca\/en\/wp-json\/wp\/v2\/pages\/105052","targetHints":{"allow":["GET"]}}],"collection":[{"href":"https:\/\/parkinsonquebec.ca\/en\/wp-json\/wp\/v2\/pages"}],"about":[{"href":"https:\/\/parkinsonquebec.ca\/en\/wp-json\/wp\/v2\/types\/page"}],"author":[{"embeddable":true,"href":"https:\/\/parkinsonquebec.ca\/en\/wp-json\/wp\/v2\/users\/3454"}],"replies":[{"embeddable":true,"href":"https:\/\/parkinsonquebec.ca\/en\/wp-json\/wp\/v2\/comments?post=105052"}],"version-history":[{"count":3,"href":"https:\/\/parkinsonquebec.ca\/en\/wp-json\/wp\/v2\/pages\/105052\/revisions"}],"predecessor-version":[{"id":105313,"href":"https:\/\/parkinsonquebec.ca\/en\/wp-json\/wp\/v2\/pages\/105052\/revisions\/105313"}],"up":[{"embeddable":true,"href":"https:\/\/parkinsonquebec.ca\/en\/wp-json\/wp\/v2\/pages\/105057"}],"wp:attachment":[{"href":"https:\/\/parkinsonquebec.ca\/en\/wp-json\/wp\/v2\/media?parent=105052"}],"curies":[{"name":"wp","href":"https:\/\/api.w.org\/{rel}","templated":true}]}}