{"id":105080,"date":"2023-09-12T13:45:42","date_gmt":"2023-09-12T17:45:42","guid":{"rendered":"https:\/\/parkinsonquebec.ca\/?page_id=105080"},"modified":"2024-07-19T15:39:22","modified_gmt":"2024-07-19T19:39:22","slug":"cote-nord","status":"publish","type":"page","link":"https:\/\/parkinsonquebec.ca\/en\/services\/in-your-area\/cote-nord\/","title":{"rendered":"C\u00f4te-Nord"},"content":{"rendered":"\n<div class=\"wp-block-cover alignfull entete-photo image-opacite-30\"><span aria-hidden=\"true\" class=\"wp-block-cover__background has-background-dim wp-block-cover__gradient-background has-background-gradient has-degrade-bleu-vers-la-gauche-gradient-background\"><\/span><img loading=\"lazy\" decoding=\"async\" width=\"1920\" height=\"455\" class=\"wp-block-cover__image-background wp-image-101571\" alt=\"\" src=\"https:\/\/parkinsonquebec.ca\/wp-content\/uploads\/2023\/09\/Cote-Nord_302213488_.jpg\" data-object-fit=\"cover\" srcset=\"https:\/\/parkinsonquebec.ca\/wp-content\/uploads\/2023\/09\/Cote-Nord_302213488_.jpg 1920w, https:\/\/parkinsonquebec.ca\/wp-content\/uploads\/2023\/09\/Cote-Nord_302213488_-1280x303.jpg 1280w, https:\/\/parkinsonquebec.ca\/wp-content\/uploads\/2023\/09\/Cote-Nord_302213488_-768x182.jpg 768w, https:\/\/parkinsonquebec.ca\/wp-content\/uploads\/2023\/09\/Cote-Nord_302213488_-1536x364.jpg 1536w\" sizes=\"auto, (max-width: 1920px) 100vw, 1920px\" \/><div class=\"wp-block-cover__inner-container is-layout-flow wp-block-cover-is-layout-flow\">\n<div class=\"wp-block-group entete-photo__contenu is-layout-flow wp-block-group-is-layout-flow\">\n<h1 class=\"wp-block-heading has-medium-font-size\">Parkinson<br><strong>C\u00f4te-Nord<\/strong><\/h1>\n<\/div>\n\n\n\n<div class=\"wp-block-group entete-photo__graphic is-layout-flow wp-block-group-is-layout-flow\">\n<div class=\"wp-block-group logo-personnage-header is-layout-flow wp-block-group-is-layout-flow\"><\/div>\n<\/div>\n<\/div><\/div>\n\n\n\n<div class=\"wp-block-columns alignwide introduction-section-2-cols is-layout-flex wp-container-core-columns-is-layout-9d6595d7 wp-block-columns-is-layout-flex\" id=\"introduction-section\">\n<div class=\"wp-block-column col-lg-8 region-section-intro-col-1 is-layout-flow wp-block-column-is-layout-flow\">\n<div id=\"coordonnees\" class=\"wp-block-group bloc-coordonnees is-layout-constrained wp-block-group-is-layout-constrained\">\n<h2 class=\"wp-block-heading\">Parkinson <strong>C\u00f4te-Nord<\/strong><\/h2>\n\n\n\n<p class=\"has-text-align-left coordonnees-icon-adresse\">16 Mingan Street, Sept-\u00celes, C\u00f4te-Nord, Quebec, G4R 3A2<\/p>\n\n\n\n<p class=\"has-text-align-left coordonnees-icon-telephone\">(418) 960-2290<\/p>\n\n\n\n<p class=\"has-text-align-left coordonnees-icon-enveloppe\"><a href=\"mailto:parkinsoncotenord@gmail.com\">parkinsoncotenord@gmail.com<\/a><\/p>\n\n\n\n<p class=\"has-text-align-left coordonnees-icon-facebook\"><a href=\"https:\/\/www.facebook.com\/profile.php?id=100091738742921&amp;locale=fr_CA\" target=\"_blank\" rel=\"noreferrer noopener\">Follow us on Facebook<\/a><\/p>\n<\/div>\n\n\n\n<div id=\"a-propos\" class=\"wp-block-group bloc-a-propos is-layout-constrained wp-block-group-is-layout-constrained\">\n<h2 class=\"wp-block-heading has-pq-bleu-clair-color has-text-color\"><strong>ABOUT US<\/strong><\/h2>\n\n\n\n<p><strong>Parkinson C\u00f4te-Nord<\/strong> joins the other regions in Quebec in the mission of rallying people living with Parkinson\u2019s Disease and their caregivers by providing a place for everyone to share their experiences.<br>Our mission is to:<\/p>\n\n\n\n<ul class=\"wp-block-list\">\n<li>Support people in their journey to help them learn to live better with the disease.<\/li>\n\n\n\n<li>Break their isolation.<\/li>\n\n\n\n<li>Offer a variety of activities aimed at maintaining and developing their physical and mental wellbeing.<\/li>\n<\/ul>\n\n\n\n<p>Parkinson C\u00f4te-Nord is the last support group for people living with Parkinson\u2019s Disease to join Parkinson Qu\u00e9bec, along with the seven other regions. It was officially registered on the Quebec business registry on February 9,&nbsp;2021.<\/p>\n\n\n\n<p>C\u00f4te-Nord extends over 1,250&nbsp;kilometres between Tadoussac and Blanc-Sablon, the last town before Labrador. In 2020, its population was assessed at 90,529. The cities of Sept-\u00celes and Baie-Comeau total more than half the population. C\u00f4te-Nord is also characterized by the presence of 11&nbsp;Innu communities (Montagnais) of more than 18,000&nbsp;people. A vast part of the territory (Basse-C\u00f4te) is landlocked and accessible only by plane or boat.<\/p>\n\n\n\n<p>Given the geographic features of the region, including its size, Parkinson C\u00f4te-Nord concentrates its activities in Sept-\u00celes. It is still difficult to reach people with Parkinson\u2019s in other sectors, but we plan to use technology to do so, in the medium to long term.<\/p>\n\n\n\n<p>Parkinson C\u00f4te-Nord is a support organization for people with Parkinson\u2019s and for their families and caregivers as well. Currently, it consists of 24&nbsp;people living with the disease and a dozen caregivers. The organization offers its members adapted activities to help maintain and develop physical and mental wellbeing: physical exercise programs, information sessions (conferences, webinars), training workshops led by specialized resources as well as opportunities to discuss and share experiences.<\/p>\n\n\n\n<p>Given that the organization is relatively new, combined with the pandemic, group meetings were limited to around 15&nbsp;in 2021, all types combined. Similarly, Parkinson C\u00f4te-Nord was unable to hold major events like a fundraising campaign. But the group did benefit from two grants totalling $9,000 to support its start-up.<\/p>\n\n\n\n<p>A four-person board of directors that includes a neurologist is responsible for the group&#8217;s governance.<\/p>\n<\/div>\n<\/div>\n\n\n\n<div class=\"wp-block-column col-lg-4 region-section-intro-col-2 is-layout-flow wp-block-column-is-layout-flow\">\n<div id=\"conseil-administration\" class=\"wp-block-group bloc-ca is-layout-constrained wp-block-group-is-layout-constrained\">\n<h2 class=\"wp-block-heading\"><strong>Board of Directors<\/strong><\/h2>\n\n\n\n<div class=\"wp-block-group bloc-ca-content is-layout-constrained wp-block-group-is-layout-constrained\">\n<ul class=\"wp-block-list\">\n<li>Jean Lavall\u00e9e<br>President<\/li>\n\n\n\n<li>Danielle Lavoie<br>Vice President<\/li>\n\n\n\n<li>C\u00e9cile Morais<br>Treasurer<\/li>\n\n\n\n<li>Louise Landry<br>Board Member<\/li>\n\n\n\n<li>Denise Mansour<br>Secretary<\/li>\n<\/ul>\n<\/div>\n<\/div>\n<\/div>\n<\/div>\n\n\n\n<div style=\"height:100px\" aria-hidden=\"true\" class=\"wp-block-spacer\"><\/div>\n\n\n\n<div class=\"wp-block-group alignfull px-30px py-30px py-xxl-0 inview-anim-custom has-pq-bleu-ciel-background-color has-background is-layout-constrained wp-block-group-is-layout-constrained\" id=\"carte-quebec-parkinson-en-region\">\n<div class=\"wp-block-columns align-items-center mw-100-pourcent is-layout-flex wp-container-core-columns-is-layout-9d6595d7 wp-block-columns-is-layout-flex\">\n<div class=\"wp-block-column col-12 col-xxl-auto pt-30px pb-xxl-30px pr-xxl-80px is-layout-flow wp-block-column-is-layout-flow\">\n<div class=\"wp-block-group mx-auto pt-20px text-center text-xxl-right is-layout-flow wp-block-group-is-layout-flow\">\n<h2 class=\"wp-block-heading d-inline-block d-xxl-block text-center text-xxl-right mb-0 texte-giga texte-pas-de-gras has-blanc-color has-text-color\">IN YOUR<\/h2>\n\n\n\n<h2 class=\"wp-block-heading d-inline-block d-xxl-block text-center text-xxl-right my-0 texte-giga texte-pas-de-gras has-blanc-color has-text-color\"><span class=\"d-none d-sm-inline\">\u00a0<\/span>AREA<\/h2>\n\n\n\n<p class=\"text-center text-xxl-right texte-tres-tres-gros has-pq-bleu-color has-text-color\"><strong>Parkinson Qu\u00e9bec<\/strong><\/p>\n<\/div>\n<\/div>\n\n\n\n<div class=\"wp-block-column col-12 col-md-6 col-xxl-auto align-self-start text-center is-layout-flow wp-block-column-is-layout-flow\">\n<img decoding=\"async\" src=\"\/images\/carte-quebec-parkinson-en-region.svg\" alt=\"\" width=\"500\">\n<\/div>\n\n\n\n<div class=\"wp-block-column col-12 col-md-6 col-xxl-auto mb-10px pt-20px pl-lg-50px texte-gras texte-petit is-layout-flow wp-block-column-is-layout-flow\">\n<div class=\"wp-block-group liste-petit-chiffre texte-majuscule is-layout-constrained wp-block-group-is-layout-constrained\">\n<div class=\"wp-block-group liste-petit-chiffre-rangee is-layout-constrained wp-block-group-is-layout-constrained\">\n<div class=\"wp-block-group liste-petit-chiffre__chiffre is-layout-constrained wp-block-group-is-layout-constrained\">\n<div class=\"wp-block-group is-layout-constrained wp-block-group-is-layout-constrained\">\n<p>1<\/p>\n<\/div>\n<\/div>\n\n\n\n<div class=\"wp-block-group liste-petit-chiffre__contenu is-layout-constrained wp-block-group-is-layout-constrained\">\n<p class=\"has-pq-bleu-color has-text-color\"><a href=\"https:\/\/parkinsonquebec.ca\/en\/services\/in-your-area\/abitibi-temiscamingue\/\" data-type=\"page\" data-id=\"105052\">Abitibi-T\u00e9miscamingue<\/a><\/p>\n<\/div>\n<\/div>\n\n\n\n<div class=\"wp-block-group liste-petit-chiffre-rangee is-layout-constrained wp-block-group-is-layout-constrained\">\n<div class=\"wp-block-group liste-petit-chiffre__chiffre is-layout-constrained wp-block-group-is-layout-constrained\">\n<div class=\"wp-block-group is-layout-constrained wp-block-group-is-layout-constrained\">\n<p>2<\/p>\n<\/div>\n<\/div>\n\n\n\n<div class=\"wp-block-group liste-petit-chiffre__contenu is-layout-constrained wp-block-group-is-layout-constrained\">\n<p class=\"has-pq-bleu-color has-text-color\"><a href=\"https:\/\/parkinsonbsl.ca\/\">Bas-Saint-Laurent<\/a><\/p>\n<\/div>\n<\/div>\n\n\n\n<div class=\"wp-block-group liste-petit-chiffre-rangee is-layout-constrained wp-block-group-is-layout-constrained\">\n<div class=\"wp-block-group liste-petit-chiffre__chiffre is-layout-constrained wp-block-group-is-layout-constrained\">\n<div class=\"wp-block-group is-layout-constrained wp-block-group-is-layout-constrained\">\n<p>3<\/p>\n<\/div>\n<\/div>\n\n\n\n<div class=\"wp-block-group liste-petit-chiffre__contenu is-layout-constrained wp-block-group-is-layout-constrained\">\n<p class=\"has-pq-bleu-color has-text-color\"><a rel=\"noreferrer noopener\" href=\"https:\/\/www.avoscotes.ca\/\" target=\"_blank\">Centre-du-Qu\u00e9bec \u2013 Mauricie<\/a><\/p>\n<\/div>\n<\/div>\n\n\n\n<div class=\"wp-block-group liste-petit-chiffre-rangee is-layout-constrained wp-block-group-is-layout-constrained\">\n<div class=\"wp-block-group liste-petit-chiffre__chiffre is-layout-constrained wp-block-group-is-layout-constrained\">\n<div class=\"wp-block-group is-layout-constrained wp-block-group-is-layout-constrained\">\n<p>4<\/p>\n<\/div>\n<\/div>\n\n\n\n<div class=\"wp-block-group liste-petit-chiffre__contenu is-layout-constrained wp-block-group-is-layout-constrained\">\n<p class=\"has-pq-bleu-color has-text-color\"><a rel=\"noreferrer noopener\" href=\"https:\/\/prqca.ca\/\" target=\"_blank\">Capitale-Nationale<\/a><br><a rel=\"noreferrer noopener\" href=\"https:\/\/prqca.ca\/\" target=\"_blank\">Chaudi\u00e8re-Appalaches<\/a><\/p>\n<\/div>\n<\/div>\n\n\n\n<div class=\"wp-block-group liste-petit-chiffre-rangee is-layout-constrained wp-block-group-is-layout-constrained\">\n<div class=\"wp-block-group liste-petit-chiffre__chiffre is-layout-constrained wp-block-group-is-layout-constrained\">\n<div class=\"wp-block-group is-layout-constrained wp-block-group-is-layout-constrained\">\n<p>5<\/p>\n<\/div>\n<\/div>\n\n\n\n<div class=\"wp-block-group liste-petit-chiffre__contenu is-layout-constrained wp-block-group-is-layout-constrained\">\n<p class=\"has-pq-bleu-color has-text-color\"><a href=\"https:\/\/parkinsonquebec.ca\/en\/services\/in-your-area\/cote-nord\/\" data-type=\"page\" data-id=\"105080\">C\u00f4te-Nord<\/a><\/p>\n<\/div>\n<\/div>\n\n\n\n<div class=\"wp-block-group liste-petit-chiffre-rangee is-layout-constrained wp-block-group-is-layout-constrained\">\n<div class=\"wp-block-group liste-petit-chiffre__chiffre is-layout-constrained wp-block-group-is-layout-constrained\">\n<div class=\"wp-block-group is-layout-constrained wp-block-group-is-layout-constrained\">\n<p>6<\/p>\n<\/div>\n<\/div>\n\n\n\n<div class=\"wp-block-group liste-petit-chiffre__contenu is-layout-constrained wp-block-group-is-layout-constrained\">\n<p class=\"has-pq-bleu-color has-text-color\"><a rel=\"noreferrer noopener\" href=\"https:\/\/www.parkinsonestrie.org\/\" target=\"_blank\">Estrie<\/a><\/p>\n<\/div>\n<\/div>\n\n\n\n<div class=\"wp-block-group liste-petit-chiffre-rangee is-layout-constrained wp-block-group-is-layout-constrained\">\n<div class=\"wp-block-group liste-petit-chiffre__chiffre is-layout-constrained wp-block-group-is-layout-constrained\">\n<div class=\"wp-block-group is-layout-constrained wp-block-group-is-layout-constrained\">\n<p>7<\/p>\n<\/div>\n<\/div>\n\n\n\n<div class=\"wp-block-group liste-petit-chiffre__contenu is-layout-constrained wp-block-group-is-layout-constrained\">\n<p class=\"has-pq-bleu-color has-text-color\"><a rel=\"noreferrer noopener\" href=\"https:\/\/parkinsonmontreallaval.ca\/\" target=\"_blank\">Montr\u00e9al-Laval<\/a><\/p>\n<\/div>\n<\/div>\n\n\n\n<div class=\"wp-block-group liste-petit-chiffre-rangee is-layout-constrained wp-block-group-is-layout-constrained\">\n<div class=\"wp-block-group liste-petit-chiffre__chiffre is-layout-constrained wp-block-group-is-layout-constrained\">\n<div class=\"wp-block-group is-layout-constrained wp-block-group-is-layout-constrained\">\n<p>8<\/p>\n<\/div>\n<\/div>\n\n\n\n<div class=\"wp-block-group liste-petit-chiffre__contenu is-layout-constrained wp-block-group-is-layout-constrained\">\n<p class=\"has-pq-bleu-color has-text-color\"><a href=\"https:\/\/parkinsonquebec.ca\/en\/services\/in-your-area\/outaouais\/\" data-type=\"page\" data-id=\"105069\">Outaouais<\/a><\/p>\n<\/div>\n<\/div>\n\n\n\n<div class=\"wp-block-group liste-petit-chiffre-rangee is-layout-constrained wp-block-group-is-layout-constrained\">\n<div class=\"wp-block-group liste-petit-chiffre__chiffre is-layout-constrained wp-block-group-is-layout-constrained\">\n<div class=\"wp-block-group is-layout-constrained wp-block-group-is-layout-constrained\">\n<p>9<\/p>\n<\/div>\n<\/div>\n\n\n\n<div class=\"wp-block-group liste-petit-chiffre__contenu is-layout-constrained wp-block-group-is-layout-constrained\">\n<p class=\"has-pq-bleu-color has-text-color\"><a rel=\"noreferrer noopener\" href=\"https:\/\/www.parkinson-slsj.ca\/\" target=\"_blank\">Saguenay\u2013Lac-Saint-Jean<\/a><\/p>\n<\/div>\n<\/div>\n\n\n\n<div class=\"wp-block-group liste-petit-chiffre-rangee is-layout-constrained wp-block-group-is-layout-constrained\">\n<div class=\"wp-block-group liste-petit-chiffre__chiffre is-layout-constrained wp-block-group-is-layout-constrained\">\n<div class=\"wp-block-group is-layout-constrained wp-block-group-is-layout-constrained\">\n<p>10<\/p>\n<\/div>\n<\/div>\n\n\n\n<div class=\"wp-block-group liste-petit-chiffre__contenu is-layout-constrained wp-block-group-is-layout-constrained\">\n<p class=\"has-pq-bleu-color has-text-color\"><a href=\"https:\/\/parkinsonquebec.ca\/en\/services\/in-your-area\/monteregie\/\" data-type=\"page\" data-id=\"105074\">Mont\u00e9r\u00e9gie<\/a><\/p>\n<\/div>\n<\/div>\n<\/div>\n<\/div>\n<\/div>\n<\/div>\n","protected":false},"excerpt":{"rendered":"<p>Parkinson C\u00f4te-Nord 16 Mingan Street, Sept-\u00celes, C\u00f4te-Nord, Quebec, G4R 3A2 (418) 960-2290 parkinsoncotenord@gmail.com Follow us on Facebook ABOUT US Parkinson C\u00f4te-Nord joins the other regions in Quebec in the mission of rallying people living with Parkinson\u2019s Disease and their caregivers&#8230; <a href=\"https:\/\/parkinsonquebec.ca\/en\/services\/in-your-area\/cote-nord\/\">Lire la suite<\/a> <a class=\"understrap-read-more-link btn btn-bleu py-5px px-15px ml-10px mt-0 d-none\" href=\"https:\/\/parkinsonquebec.ca\/en\/services\/in-your-area\/cote-nord\/\">Lire la suite<span class=\"screen-reader-text\"> from C\u00f4te-Nord<\/span><\/a><\/p>\n","protected":false},"author":3454,"featured_media":0,"parent":105057,"menu_order":0,"comment_status":"closed","ping_status":"closed","template":"","meta":{"footnotes":""},"class_list":["post-105080","page","type-page","status-publish","hentry"],"yoast_head":"<!-- This site is optimized with the Yoast SEO plugin v26.7 - https:\/\/yoast.com\/wordpress\/plugins\/seo\/ -->\n<title>C\u00f4te-Nord - Parkinson Qu\u00e9bec<\/title>\n<meta name=\"robots\" content=\"index, follow, max-snippet:-1, max-image-preview:large, max-video-preview:-1\" \/>\n<link rel=\"canonical\" href=\"https:\/\/parkinsonquebec.ca\/en\/services\/in-your-area\/cote-nord\/\" \/>\n<meta property=\"og:locale\" content=\"en_US\" \/>\n<meta property=\"og:type\" content=\"article\" \/>\n<meta property=\"og:title\" content=\"C\u00f4te-Nord - Parkinson Qu\u00e9bec\" \/>\n<meta property=\"og:description\" content=\"Parkinson C\u00f4te-Nord 16 Mingan Street, Sept-\u00celes, C\u00f4te-Nord, Quebec, G4R 3A2 (418) 960-2290 parkinsoncotenord@gmail.com Follow us on Facebook ABOUT US Parkinson C\u00f4te-Nord joins the other regions in Quebec in the mission of rallying people living with Parkinson\u2019s Disease and their caregivers... Lire la suite Lire la suite from C\u00f4te-Nord\" \/>\n<meta property=\"og:url\" content=\"https:\/\/parkinsonquebec.ca\/en\/services\/in-your-area\/cote-nord\/\" \/>\n<meta property=\"og:site_name\" content=\"Parkinson Qu\u00e9bec\" \/>\n<meta property=\"article:modified_time\" content=\"2024-07-19T19:39:22+00:00\" \/>\n<meta property=\"og:image\" content=\"https:\/\/parkinsonquebec.ca\/wp-content\/uploads\/2023\/09\/Cote-Nord_302213488_.jpg\" \/>\n<meta name=\"twitter:label1\" content=\"Est. reading time\" \/>\n\t<meta name=\"twitter:data1\" content=\"3 minutes\" \/>\n<script type=\"application\/ld+json\" class=\"yoast-schema-graph\">{\"@context\":\"https:\/\/schema.org\",\"@graph\":[{\"@type\":\"WebPage\",\"@id\":\"https:\/\/parkinsonquebec.ca\/en\/services\/in-your-area\/cote-nord\/\",\"url\":\"https:\/\/parkinsonquebec.ca\/en\/services\/in-your-area\/cote-nord\/\",\"name\":\"C\u00f4te-Nord - Parkinson Qu\u00e9bec\",\"isPartOf\":{\"@id\":\"https:\/\/parkinsonquebec.ca\/en\/#website\"},\"primaryImageOfPage\":{\"@id\":\"https:\/\/parkinsonquebec.ca\/en\/services\/in-your-area\/cote-nord\/#primaryimage\"},\"image\":{\"@id\":\"https:\/\/parkinsonquebec.ca\/en\/services\/in-your-area\/cote-nord\/#primaryimage\"},\"thumbnailUrl\":\"https:\/\/parkinsonquebec.ca\/wp-content\/uploads\/2023\/09\/Cote-Nord_302213488_.jpg\",\"datePublished\":\"2023-09-12T17:45:42+00:00\",\"dateModified\":\"2024-07-19T19:39:22+00:00\",\"breadcrumb\":{\"@id\":\"https:\/\/parkinsonquebec.ca\/en\/services\/in-your-area\/cote-nord\/#breadcrumb\"},\"inLanguage\":\"en-CA\",\"potentialAction\":[{\"@type\":\"ReadAction\",\"target\":[\"https:\/\/parkinsonquebec.ca\/en\/services\/in-your-area\/cote-nord\/\"]}]},{\"@type\":\"ImageObject\",\"inLanguage\":\"en-CA\",\"@id\":\"https:\/\/parkinsonquebec.ca\/en\/services\/in-your-area\/cote-nord\/#primaryimage\",\"url\":\"https:\/\/parkinsonquebec.ca\/wp-content\/uploads\/2023\/09\/Cote-Nord_302213488_.jpg\",\"contentUrl\":\"https:\/\/parkinsonquebec.ca\/wp-content\/uploads\/2023\/09\/Cote-Nord_302213488_.jpg\"},{\"@type\":\"BreadcrumbList\",\"@id\":\"https:\/\/parkinsonquebec.ca\/en\/services\/in-your-area\/cote-nord\/#breadcrumb\",\"itemListElement\":[{\"@type\":\"ListItem\",\"position\":1,\"name\":\"Accueil\",\"item\":\"https:\/\/parkinsonquebec.ca\/en\/\"},{\"@type\":\"ListItem\",\"position\":2,\"name\":\"Services\",\"item\":\"https:\/\/parkinsonquebec.ca\/en\/services\/\"},{\"@type\":\"ListItem\",\"position\":3,\"name\":\"In your area\",\"item\":\"https:\/\/parkinsonquebec.ca\/en\/services\/in-your-area\/\"},{\"@type\":\"ListItem\",\"position\":4,\"name\":\"C\u00f4te-Nord\"}]},{\"@type\":\"WebSite\",\"@id\":\"https:\/\/parkinsonquebec.ca\/en\/#website\",\"url\":\"https:\/\/parkinsonquebec.ca\/en\/\",\"name\":\"Parkinson Qu\u00e9bec\",\"description\":\"\",\"potentialAction\":[{\"@type\":\"SearchAction\",\"target\":{\"@type\":\"EntryPoint\",\"urlTemplate\":\"https:\/\/parkinsonquebec.ca\/en\/?s={search_term_string}\"},\"query-input\":{\"@type\":\"PropertyValueSpecification\",\"valueRequired\":true,\"valueName\":\"search_term_string\"}}],\"inLanguage\":\"en-CA\"}]}<\/script>\n<!-- \/ Yoast SEO plugin. -->","yoast_head_json":{"title":"C\u00f4te-Nord - Parkinson Qu\u00e9bec","robots":{"index":"index","follow":"follow","max-snippet":"max-snippet:-1","max-image-preview":"max-image-preview:large","max-video-preview":"max-video-preview:-1"},"canonical":"https:\/\/parkinsonquebec.ca\/en\/services\/in-your-area\/cote-nord\/","og_locale":"en_US","og_type":"article","og_title":"C\u00f4te-Nord - Parkinson Qu\u00e9bec","og_description":"Parkinson C\u00f4te-Nord 16 Mingan Street, Sept-\u00celes, C\u00f4te-Nord, Quebec, G4R 3A2 (418) 960-2290 parkinsoncotenord@gmail.com Follow us on Facebook ABOUT US Parkinson C\u00f4te-Nord joins the other regions in Quebec in the mission of rallying people living with Parkinson\u2019s Disease and their caregivers... Lire la suite Lire la suite from C\u00f4te-Nord","og_url":"https:\/\/parkinsonquebec.ca\/en\/services\/in-your-area\/cote-nord\/","og_site_name":"Parkinson Qu\u00e9bec","article_modified_time":"2024-07-19T19:39:22+00:00","og_image":[{"url":"https:\/\/parkinsonquebec.ca\/wp-content\/uploads\/2023\/09\/Cote-Nord_302213488_.jpg","type":"","width":"","height":""}],"twitter_misc":{"Est. reading time":"3 minutes"},"schema":{"@context":"https:\/\/schema.org","@graph":[{"@type":"WebPage","@id":"https:\/\/parkinsonquebec.ca\/en\/services\/in-your-area\/cote-nord\/","url":"https:\/\/parkinsonquebec.ca\/en\/services\/in-your-area\/cote-nord\/","name":"C\u00f4te-Nord - Parkinson Qu\u00e9bec","isPartOf":{"@id":"https:\/\/parkinsonquebec.ca\/en\/#website"},"primaryImageOfPage":{"@id":"https:\/\/parkinsonquebec.ca\/en\/services\/in-your-area\/cote-nord\/#primaryimage"},"image":{"@id":"https:\/\/parkinsonquebec.ca\/en\/services\/in-your-area\/cote-nord\/#primaryimage"},"thumbnailUrl":"https:\/\/parkinsonquebec.ca\/wp-content\/uploads\/2023\/09\/Cote-Nord_302213488_.jpg","datePublished":"2023-09-12T17:45:42+00:00","dateModified":"2024-07-19T19:39:22+00:00","breadcrumb":{"@id":"https:\/\/parkinsonquebec.ca\/en\/services\/in-your-area\/cote-nord\/#breadcrumb"},"inLanguage":"en-CA","potentialAction":[{"@type":"ReadAction","target":["https:\/\/parkinsonquebec.ca\/en\/services\/in-your-area\/cote-nord\/"]}]},{"@type":"ImageObject","inLanguage":"en-CA","@id":"https:\/\/parkinsonquebec.ca\/en\/services\/in-your-area\/cote-nord\/#primaryimage","url":"https:\/\/parkinsonquebec.ca\/wp-content\/uploads\/2023\/09\/Cote-Nord_302213488_.jpg","contentUrl":"https:\/\/parkinsonquebec.ca\/wp-content\/uploads\/2023\/09\/Cote-Nord_302213488_.jpg"},{"@type":"BreadcrumbList","@id":"https:\/\/parkinsonquebec.ca\/en\/services\/in-your-area\/cote-nord\/#breadcrumb","itemListElement":[{"@type":"ListItem","position":1,"name":"Accueil","item":"https:\/\/parkinsonquebec.ca\/en\/"},{"@type":"ListItem","position":2,"name":"Services","item":"https:\/\/parkinsonquebec.ca\/en\/services\/"},{"@type":"ListItem","position":3,"name":"In your area","item":"https:\/\/parkinsonquebec.ca\/en\/services\/in-your-area\/"},{"@type":"ListItem","position":4,"name":"C\u00f4te-Nord"}]},{"@type":"WebSite","@id":"https:\/\/parkinsonquebec.ca\/en\/#website","url":"https:\/\/parkinsonquebec.ca\/en\/","name":"Parkinson Qu\u00e9bec","description":"","potentialAction":[{"@type":"SearchAction","target":{"@type":"EntryPoint","urlTemplate":"https:\/\/parkinsonquebec.ca\/en\/?s={search_term_string}"},"query-input":{"@type":"PropertyValueSpecification","valueRequired":true,"valueName":"search_term_string"}}],"inLanguage":"en-CA"}]}},"_links":{"self":[{"href":"https:\/\/parkinsonquebec.ca\/en\/wp-json\/wp\/v2\/pages\/105080","targetHints":{"allow":["GET"]}}],"collection":[{"href":"https:\/\/parkinsonquebec.ca\/en\/wp-json\/wp\/v2\/pages"}],"about":[{"href":"https:\/\/parkinsonquebec.ca\/en\/wp-json\/wp\/v2\/types\/page"}],"author":[{"embeddable":true,"href":"https:\/\/parkinsonquebec.ca\/en\/wp-json\/wp\/v2\/users\/3454"}],"replies":[{"embeddable":true,"href":"https:\/\/parkinsonquebec.ca\/en\/wp-json\/wp\/v2\/comments?post=105080"}],"version-history":[{"count":1,"href":"https:\/\/parkinsonquebec.ca\/en\/wp-json\/wp\/v2\/pages\/105080\/revisions"}],"predecessor-version":[{"id":105081,"href":"https:\/\/parkinsonquebec.ca\/en\/wp-json\/wp\/v2\/pages\/105080\/revisions\/105081"}],"up":[{"embeddable":true,"href":"https:\/\/parkinsonquebec.ca\/en\/wp-json\/wp\/v2\/pages\/105057"}],"wp:attachment":[{"href":"https:\/\/parkinsonquebec.ca\/en\/wp-json\/wp\/v2\/media?parent=105080"}],"curies":[{"name":"wp","href":"https:\/\/api.w.org\/{rel}","templated":true}]}}