{"id":108668,"date":"2023-07-06T14:15:58","date_gmt":"2023-07-06T18:15:58","guid":{"rendered":"https:\/\/parkinsonquebec.ca\/?page_id=108668"},"modified":"2026-01-14T14:13:04","modified_gmt":"2026-01-14T19:13:04","slug":"inspiring-testimonials","status":"publish","type":"page","link":"https:\/\/parkinsonquebec.ca\/en\/services\/online\/inspiring-testimonials\/","title":{"rendered":"Inspiring Testimonials"},"content":{"rendered":"\n<div class=\"wp-block-cover alignfull entete-photo image-opacite-20\"><span aria-hidden=\"true\" class=\"wp-block-cover__background has-background-dim-0 has-background-dim\" style=\"background-color:#000000\"><\/span><div class=\"wp-block-cover__inner-container is-layout-flow wp-block-cover-is-layout-flow\">\n<div class=\"wp-block-group entete-photo__contenu is-layout-flow wp-block-group-is-layout-flow\">\n<h1 class=\"wp-block-heading has-x-large-font-size\">Inspiring Testimonials<\/h1>\n<\/div>\n\n\n\n<div class=\"wp-block-group entete-photo__graphic is-layout-constrained wp-block-group-is-layout-constrained\">\n<div class=\"wp-block-group logo-personnage-header is-layout-constrained wp-block-group-is-layout-constrained\"><\/div>\n<\/div>\n<\/div><\/div>\n\n\n\n<div style=\"height:60px\" aria-hidden=\"true\" class=\"wp-block-spacer\"><\/div>\n\n\n\n<div class=\"wp-block-columns inview-anim-custom g-20px align-items-stretch is-layout-flex wp-container-core-columns-is-layout-9d6595d7 wp-block-columns-is-layout-flex\">\n<div class=\"wp-block-column col-md-6 is-layout-flow wp-block-column-is-layout-flow\">\n<div class=\"wp-block-group texte-campton tete-personnage-blanc-bg detectinviewport encadre-couleur-avec-tete-personnage-bg has-pq-bleu-background-color has-background is-layout-constrained wp-container-core-group-is-layout-12a2892c wp-block-group-is-layout-constrained\" style=\"padding-top:var(--wp--preset--spacing--70);padding-right:var(--wp--preset--spacing--50);padding-bottom:var(--wp--preset--spacing--70);padding-left:var(--wp--preset--spacing--50)\">\n<figure class=\"wp-block-image aligncenter size-large is-resized pt-30px pb-10px\"><img decoding=\"async\" src=\"https:\/\/parkinsonquebec.ca\/images\/assets\/icon-video-camera-blanc.svg\" alt=\"\" style=\"width:100px\"\/><\/figure>\n\n\n\n<h3 class=\"wp-block-heading has-text-align-center has-blanc-color has-text-color\" style=\"margin-bottom:50px;font-size:45px;line-height:1\"><strong>Video<\/strong><br><strong>Testimonials<\/strong><\/h3>\n\n\n\n<div class=\"wp-block-buttons is-content-justification-center is-layout-flex wp-container-core-buttons-is-layout-16018d1d wp-block-buttons-is-layout-flex\">\n<div class=\"wp-block-button\"><a class=\"wp-block-button__link has-pq-bleu-color has-blanc-background-color has-text-color has-background wp-element-button\" href=\"https:\/\/parkinsonquebec.ca\/en\/services\/online\/inspiring-testimonials\/video-testimonials\/\">WATCH<\/a><\/div>\n<\/div>\n<\/div>\n<\/div>\n\n\n\n<div class=\"wp-block-column d-none is-layout-flow wp-block-column-is-layout-flow\">\n<div class=\"wp-block-group texte-campton tete-personnage-blanc-bg detectinviewport anim-delai-1sec encadre-couleur-avec-tete-personnage-bg has-pq-bleu-background-color has-background is-layout-constrained wp-container-core-group-is-layout-12a2892c wp-block-group-is-layout-constrained\" style=\"padding-top:var(--wp--preset--spacing--70);padding-right:var(--wp--preset--spacing--50);padding-bottom:var(--wp--preset--spacing--70);padding-left:var(--wp--preset--spacing--50)\">\n<figure class=\"wp-block-image aligncenter size-large is-resized\"><img decoding=\"async\" src=\"https:\/\/parkinsonquebec.ca\/images\/assets\/icon-crayon-feuille-blanc.svg\" alt=\"\" style=\"width:100px\"\/><\/figure>\n\n\n\n<h3 class=\"wp-block-heading has-text-align-center has-blanc-color has-text-color\" style=\"margin-bottom:50px;font-size:45px;line-height:1\"><strong>T\u00c9MOIGNAGES <\/strong><br><strong>\u00c9CRITS<\/strong><\/h3>\n\n\n\n<div class=\"wp-block-buttons is-content-justification-center is-layout-flex wp-container-core-buttons-is-layout-16018d1d wp-block-buttons-is-layout-flex\">\n<div class=\"wp-block-button\"><a class=\"wp-block-button__link has-pq-bleu-color has-blanc-background-color has-text-color has-background wp-element-button\" href=\"https:\/\/parkinsonquebec.ca\/services\/en-ligne\/temoignages-inspirants\/temoignages-ecrits\/\">En savoir plus<\/a><\/div>\n<\/div>\n<\/div>\n<\/div>\n<\/div>\n","protected":false},"excerpt":{"rendered":"<p>VideoTestimonials T\u00c9MOIGNAGES \u00c9CRITS <a class=\"understrap-read-more-link btn btn-bleu py-5px px-15px ml-10px mt-0 d-none\" href=\"https:\/\/parkinsonquebec.ca\/en\/services\/online\/inspiring-testimonials\/\">Lire la suite<span class=\"screen-reader-text\"> from Inspiring Testimonials<\/span><\/a><\/p>\n","protected":false},"author":3454,"featured_media":0,"parent":105086,"menu_order":0,"comment_status":"closed","ping_status":"closed","template":"","meta":{"footnotes":""},"class_list":["post-108668","page","type-page","status-publish","hentry"],"yoast_head":"<!-- This site is optimized with the Yoast SEO plugin v26.7 - https:\/\/yoast.com\/wordpress\/plugins\/seo\/ -->\n<title>Inspiring Testimonials - Parkinson Qu\u00e9bec<\/title>\n<meta name=\"robots\" content=\"index, follow, max-snippet:-1, max-image-preview:large, max-video-preview:-1\" \/>\n<link rel=\"canonical\" href=\"https:\/\/parkinsonquebec.ca\/en\/services\/online\/inspiring-testimonials\/\" \/>\n<meta property=\"og:locale\" content=\"en_US\" \/>\n<meta property=\"og:type\" content=\"article\" \/>\n<meta property=\"og:title\" content=\"Inspiring Testimonials - Parkinson Qu\u00e9bec\" \/>\n<meta property=\"og:description\" content=\"VideoTestimonials T\u00c9MOIGNAGES \u00c9CRITS Lire la suite from Inspiring Testimonials\" \/>\n<meta property=\"og:url\" content=\"https:\/\/parkinsonquebec.ca\/en\/services\/online\/inspiring-testimonials\/\" \/>\n<meta property=\"og:site_name\" content=\"Parkinson Qu\u00e9bec\" \/>\n<meta property=\"article:modified_time\" content=\"2026-01-14T19:13:04+00:00\" \/>\n<meta property=\"og:image\" content=\"https:\/\/parkinsonquebec.ca\/images\/assets\/icon-video-camera-blanc.svg\" \/>\n<meta name=\"twitter:label1\" content=\"Est. reading time\" \/>\n\t<meta name=\"twitter:data1\" content=\"1 minute\" \/>\n<script type=\"application\/ld+json\" class=\"yoast-schema-graph\">{\"@context\":\"https:\/\/schema.org\",\"@graph\":[{\"@type\":\"WebPage\",\"@id\":\"https:\/\/parkinsonquebec.ca\/en\/services\/online\/inspiring-testimonials\/\",\"url\":\"https:\/\/parkinsonquebec.ca\/en\/services\/online\/inspiring-testimonials\/\",\"name\":\"Inspiring Testimonials - Parkinson Qu\u00e9bec\",\"isPartOf\":{\"@id\":\"https:\/\/parkinsonquebec.ca\/en\/#website\"},\"primaryImageOfPage\":{\"@id\":\"https:\/\/parkinsonquebec.ca\/en\/services\/online\/inspiring-testimonials\/#primaryimage\"},\"image\":{\"@id\":\"https:\/\/parkinsonquebec.ca\/en\/services\/online\/inspiring-testimonials\/#primaryimage\"},\"thumbnailUrl\":\"https:\/\/parkinsonquebec.ca\/images\/assets\/icon-video-camera-blanc.svg\",\"datePublished\":\"2023-07-06T18:15:58+00:00\",\"dateModified\":\"2026-01-14T19:13:04+00:00\",\"breadcrumb\":{\"@id\":\"https:\/\/parkinsonquebec.ca\/en\/services\/online\/inspiring-testimonials\/#breadcrumb\"},\"inLanguage\":\"en-CA\",\"potentialAction\":[{\"@type\":\"ReadAction\",\"target\":[\"https:\/\/parkinsonquebec.ca\/en\/services\/online\/inspiring-testimonials\/\"]}]},{\"@type\":\"ImageObject\",\"inLanguage\":\"en-CA\",\"@id\":\"https:\/\/parkinsonquebec.ca\/en\/services\/online\/inspiring-testimonials\/#primaryimage\",\"url\":\"https:\/\/parkinsonquebec.ca\/images\/assets\/icon-video-camera-blanc.svg\",\"contentUrl\":\"https:\/\/parkinsonquebec.ca\/images\/assets\/icon-video-camera-blanc.svg\"},{\"@type\":\"BreadcrumbList\",\"@id\":\"https:\/\/parkinsonquebec.ca\/en\/services\/online\/inspiring-testimonials\/#breadcrumb\",\"itemListElement\":[{\"@type\":\"ListItem\",\"position\":1,\"name\":\"Accueil\",\"item\":\"https:\/\/parkinsonquebec.ca\/en\/\"},{\"@type\":\"ListItem\",\"position\":2,\"name\":\"Services\",\"item\":\"https:\/\/parkinsonquebec.ca\/en\/services\/\"},{\"@type\":\"ListItem\",\"position\":3,\"name\":\"Online\",\"item\":\"https:\/\/parkinsonquebec.ca\/en\/services\/online\/\"},{\"@type\":\"ListItem\",\"position\":4,\"name\":\"Inspiring Testimonials\"}]},{\"@type\":\"WebSite\",\"@id\":\"https:\/\/parkinsonquebec.ca\/en\/#website\",\"url\":\"https:\/\/parkinsonquebec.ca\/en\/\",\"name\":\"Parkinson Qu\u00e9bec\",\"description\":\"\",\"potentialAction\":[{\"@type\":\"SearchAction\",\"target\":{\"@type\":\"EntryPoint\",\"urlTemplate\":\"https:\/\/parkinsonquebec.ca\/en\/?s={search_term_string}\"},\"query-input\":{\"@type\":\"PropertyValueSpecification\",\"valueRequired\":true,\"valueName\":\"search_term_string\"}}],\"inLanguage\":\"en-CA\"}]}<\/script>\n<!-- \/ Yoast SEO plugin. -->","yoast_head_json":{"title":"Inspiring Testimonials - Parkinson Qu\u00e9bec","robots":{"index":"index","follow":"follow","max-snippet":"max-snippet:-1","max-image-preview":"max-image-preview:large","max-video-preview":"max-video-preview:-1"},"canonical":"https:\/\/parkinsonquebec.ca\/en\/services\/online\/inspiring-testimonials\/","og_locale":"en_US","og_type":"article","og_title":"Inspiring Testimonials - Parkinson Qu\u00e9bec","og_description":"VideoTestimonials T\u00c9MOIGNAGES \u00c9CRITS Lire la suite from Inspiring Testimonials","og_url":"https:\/\/parkinsonquebec.ca\/en\/services\/online\/inspiring-testimonials\/","og_site_name":"Parkinson Qu\u00e9bec","article_modified_time":"2026-01-14T19:13:04+00:00","og_image":[{"url":"https:\/\/parkinsonquebec.ca\/images\/assets\/icon-video-camera-blanc.svg","type":"","width":"","height":""}],"twitter_misc":{"Est. reading time":"1 minute"},"schema":{"@context":"https:\/\/schema.org","@graph":[{"@type":"WebPage","@id":"https:\/\/parkinsonquebec.ca\/en\/services\/online\/inspiring-testimonials\/","url":"https:\/\/parkinsonquebec.ca\/en\/services\/online\/inspiring-testimonials\/","name":"Inspiring Testimonials - Parkinson Qu\u00e9bec","isPartOf":{"@id":"https:\/\/parkinsonquebec.ca\/en\/#website"},"primaryImageOfPage":{"@id":"https:\/\/parkinsonquebec.ca\/en\/services\/online\/inspiring-testimonials\/#primaryimage"},"image":{"@id":"https:\/\/parkinsonquebec.ca\/en\/services\/online\/inspiring-testimonials\/#primaryimage"},"thumbnailUrl":"https:\/\/parkinsonquebec.ca\/images\/assets\/icon-video-camera-blanc.svg","datePublished":"2023-07-06T18:15:58+00:00","dateModified":"2026-01-14T19:13:04+00:00","breadcrumb":{"@id":"https:\/\/parkinsonquebec.ca\/en\/services\/online\/inspiring-testimonials\/#breadcrumb"},"inLanguage":"en-CA","potentialAction":[{"@type":"ReadAction","target":["https:\/\/parkinsonquebec.ca\/en\/services\/online\/inspiring-testimonials\/"]}]},{"@type":"ImageObject","inLanguage":"en-CA","@id":"https:\/\/parkinsonquebec.ca\/en\/services\/online\/inspiring-testimonials\/#primaryimage","url":"https:\/\/parkinsonquebec.ca\/images\/assets\/icon-video-camera-blanc.svg","contentUrl":"https:\/\/parkinsonquebec.ca\/images\/assets\/icon-video-camera-blanc.svg"},{"@type":"BreadcrumbList","@id":"https:\/\/parkinsonquebec.ca\/en\/services\/online\/inspiring-testimonials\/#breadcrumb","itemListElement":[{"@type":"ListItem","position":1,"name":"Accueil","item":"https:\/\/parkinsonquebec.ca\/en\/"},{"@type":"ListItem","position":2,"name":"Services","item":"https:\/\/parkinsonquebec.ca\/en\/services\/"},{"@type":"ListItem","position":3,"name":"Online","item":"https:\/\/parkinsonquebec.ca\/en\/services\/online\/"},{"@type":"ListItem","position":4,"name":"Inspiring Testimonials"}]},{"@type":"WebSite","@id":"https:\/\/parkinsonquebec.ca\/en\/#website","url":"https:\/\/parkinsonquebec.ca\/en\/","name":"Parkinson Qu\u00e9bec","description":"","potentialAction":[{"@type":"SearchAction","target":{"@type":"EntryPoint","urlTemplate":"https:\/\/parkinsonquebec.ca\/en\/?s={search_term_string}"},"query-input":{"@type":"PropertyValueSpecification","valueRequired":true,"valueName":"search_term_string"}}],"inLanguage":"en-CA"}]}},"_links":{"self":[{"href":"https:\/\/parkinsonquebec.ca\/en\/wp-json\/wp\/v2\/pages\/108668","targetHints":{"allow":["GET"]}}],"collection":[{"href":"https:\/\/parkinsonquebec.ca\/en\/wp-json\/wp\/v2\/pages"}],"about":[{"href":"https:\/\/parkinsonquebec.ca\/en\/wp-json\/wp\/v2\/types\/page"}],"author":[{"embeddable":true,"href":"https:\/\/parkinsonquebec.ca\/en\/wp-json\/wp\/v2\/users\/3454"}],"replies":[{"embeddable":true,"href":"https:\/\/parkinsonquebec.ca\/en\/wp-json\/wp\/v2\/comments?post=108668"}],"version-history":[{"count":8,"href":"https:\/\/parkinsonquebec.ca\/en\/wp-json\/wp\/v2\/pages\/108668\/revisions"}],"predecessor-version":[{"id":108812,"href":"https:\/\/parkinsonquebec.ca\/en\/wp-json\/wp\/v2\/pages\/108668\/revisions\/108812"}],"up":[{"embeddable":true,"href":"https:\/\/parkinsonquebec.ca\/en\/wp-json\/wp\/v2\/pages\/105086"}],"wp:attachment":[{"href":"https:\/\/parkinsonquebec.ca\/en\/wp-json\/wp\/v2\/media?parent=108668"}],"curies":[{"name":"wp","href":"https:\/\/api.w.org\/{rel}","templated":true}]}}